{"id":52714,"date":"2023-10-16T11:36:54","date_gmt":"2023-10-16T11:36:54","guid":{"rendered":"https:\/\/chessgamesemporium.com\/?post_type=product&#038;p=52714"},"modified":"2025-02-25T12:30:01","modified_gmt":"2025-02-25T12:30:01","slug":"sahovski-komplet-classic-royal","status":"publish","type":"product","link":"https:\/\/chessgamesemporium.com\/hr\/shop\/sahovski-kompleti\/sastavljani-kompleti\/sahovski-komplet-classic-royal\/","title":{"rendered":"\u0160ahovski komplet CLASSIC ROYAL"},"content":{"rendered":"<p>\u0160ahovske figure:<\/p>\n<p>Drvene \u0161ahovske figure - klasi\u010dni Staunton dizajn.<\/p>\n<p>Materijal:<br \/>\nRosewood \/ \u0160im\u0161ir<\/p>\n<p>Lakirani, skaka\u010d ru\u010dne izrade<br \/>\nOte\u017eane, podstavljene umjetnom ko\u017eom<\/p>\n<p>Dimenzije: (visina figure | promjer baze)<br \/>\nKralj: 8,7 cm | 3,1 cm<br \/>\nDama: 7,3 cm | 3,1 cm<br \/>\nTop: 4,8 cm | 2,8 cm<br \/>\nLovac: 6,6 cm | 2,8 cm<br \/>\nSkaka\u010d: 5,9 cm | 2,8 cm<br \/>\nPje\u0161ak: 4,5 cm | 2,4 cm<\/p>\n<p>\u0160ahovska plo\u010da:<\/p>\n<p>Luksuzna drvena \u0161ahovnica izra\u0111ena od drveta i bisera. Dodan je umjetni\u010dki izra\u0111en mozaik. Pri izradi \u0161ahovnice nije kori\u0161tena nikakva boja, dodan je samo za\u0161titni lak.<\/p>\n<p>Dimenzije polja: 45 x 45 mm<br \/>\nDimenzije plo\u010de: 48 \u00d7 48 \u00d7 5 cm<\/p>\n<p>UPOZORENJE! Nije prikladno za djecu mla\u0111u od tri godine.<\/p>","protected":false},"excerpt":{"rendered":"<p>\u0160ahovske figure: Lesene \u0161ahovske figure &#8211; klasi\u010dni Staunton design. Material: Palisander \/ Pu\u0161pan (sheesham and boxwood) Lakirane, skaka\u010d ro\u010dno izdelan Obte\u017eene, podlo\u017een z umetnim usnjem Dimenzije: (vi\u0161ina | premer podlage): Kralj: 8,7 cm | 3,1 cm Dama: 7,3 cm | 3,1 cm Top: 4,8 cm | 2,8 cm Lovec: 6,6 cm | 2,8 cm Skaka\u010d: [&hellip;]<\/p>","protected":false},"featured_media":52721,"comment_status":"closed","ping_status":"closed","template":"","meta":{"_seopress_robots_primary_cat":"none","_seopress_titles_title":"","_seopress_titles_desc":"","_seopress_robots_index":""},"product_brand":[],"product_cat":[510,581],"product_tag":[],"class_list":{"0":"post-52714","1":"product","2":"type-product","3":"status-publish","4":"has-post-thumbnail","6":"product_cat-sahovski-kompleti","7":"product_cat-sestavljeni-kompleti","9":"entry","10":"has-media","12":"first","13":"instock","14":"taxable","15":"shipping-taxable","16":"purchasable","17":"product-type-variable","18":"has-product-nav","19":"col","20":"span_1_of_4","21":"owp-content-center","22":"item-entry","23":"owp-thumbs-layout-horizontal","24":"owp-btn-normal","25":"owp-tabs-layout-section"},"wcpa_form_fields":null,"_links":{"self":[{"href":"https:\/\/chessgamesemporium.com\/hr\/wp-json\/wp\/v2\/product\/52714","targetHints":{"allow":["GET"]}}],"collection":[{"href":"https:\/\/chessgamesemporium.com\/hr\/wp-json\/wp\/v2\/product"}],"about":[{"href":"https:\/\/chessgamesemporium.com\/hr\/wp-json\/wp\/v2\/types\/product"}],"replies":[{"embeddable":true,"href":"https:\/\/chessgamesemporium.com\/hr\/wp-json\/wp\/v2\/comments?post=52714"}],"version-history":[{"count":0,"href":"https:\/\/chessgamesemporium.com\/hr\/wp-json\/wp\/v2\/product\/52714\/revisions"}],"wp:featuredmedia":[{"embeddable":true,"href":"https:\/\/chessgamesemporium.com\/hr\/wp-json\/wp\/v2\/media\/52721"}],"wp:attachment":[{"href":"https:\/\/chessgamesemporium.com\/hr\/wp-json\/wp\/v2\/media?parent=52714"}],"wp:term":[{"taxonomy":"product_brand","embeddable":true,"href":"https:\/\/chessgamesemporium.com\/hr\/wp-json\/wp\/v2\/product_brand?post=52714"},{"taxonomy":"product_cat","embeddable":true,"href":"https:\/\/chessgamesemporium.com\/hr\/wp-json\/wp\/v2\/product_cat?post=52714"},{"taxonomy":"product_tag","embeddable":true,"href":"https:\/\/chessgamesemporium.com\/hr\/wp-json\/wp\/v2\/product_tag?post=52714"}],"curies":[{"name":"wp","href":"https:\/\/api.w.org\/{rel}","templated":true}]}}