{"id":52806,"date":"2023-10-18T06:11:36","date_gmt":"2023-10-18T06:11:36","guid":{"rendered":"https:\/\/chessgamesemporium.com\/?post_type=product&#038;p=52806"},"modified":"2023-11-15T12:42:11","modified_gmt":"2023-11-15T12:42:11","slug":"kocka-natrpanka","status":"publish","type":"product","link":"https:\/\/chessgamesemporium.com\/hr\/shop\/misaone-igre\/drvene-pjenaste-misaone\/kocka-natrpanka\/","title":{"rendered":"Kocka NATRPANKA"},"content":{"rendered":"<p>Slagalica se sastoji od razli\u010ditih dijelova. Trebat \u0107e vam puno vje\u0161tina i prostorne predstave pri rastavljanju i sastavljanju.<\/p>\n<p>Dimenzije: 10 cm x 10 cm x 10 cm<\/p>\n<p>UPOZORENJE! Nije prikladno za djecu mla\u0111u od tri godine.<\/p>","protected":false},"excerpt":{"rendered":"<p>Sestavljanka je sestavljena iz razli\u010dnih kosov. Potrebovali boste veliko ve\u0161\u010din in prostorske predstave pri razstavljanju in sestavljanju. Dimenzije: 10 cm x 10 cm x 10 cm OPOZORILO! Ni primerno za otroke pod tretjim letom starosti.<\/p>","protected":false},"featured_media":52826,"comment_status":"closed","ping_status":"closed","template":"","meta":{"_seopress_robots_primary_cat":"none","_seopress_titles_title":"","_seopress_titles_desc":"","_seopress_robots_index":""},"product_brand":[],"product_cat":[663,616],"product_tag":[],"class_list":{"0":"post-52806","1":"product","2":"type-product","3":"status-publish","4":"has-post-thumbnail","6":"product_cat-lesene-penaste-miselne","7":"product_cat-miselne-igre","9":"entry","10":"has-media","12":"first","13":"instock","14":"taxable","15":"shipping-taxable","16":"purchasable","17":"product-type-simple","18":"has-product-nav","19":"col","20":"span_1_of_4","21":"owp-content-center","22":"item-entry","23":"owp-thumbs-layout-horizontal","24":"owp-btn-normal","25":"owp-tabs-layout-section"},"wcpa_form_fields":null,"_links":{"self":[{"href":"https:\/\/chessgamesemporium.com\/hr\/wp-json\/wp\/v2\/product\/52806","targetHints":{"allow":["GET"]}}],"collection":[{"href":"https:\/\/chessgamesemporium.com\/hr\/wp-json\/wp\/v2\/product"}],"about":[{"href":"https:\/\/chessgamesemporium.com\/hr\/wp-json\/wp\/v2\/types\/product"}],"replies":[{"embeddable":true,"href":"https:\/\/chessgamesemporium.com\/hr\/wp-json\/wp\/v2\/comments?post=52806"}],"version-history":[{"count":0,"href":"https:\/\/chessgamesemporium.com\/hr\/wp-json\/wp\/v2\/product\/52806\/revisions"}],"wp:featuredmedia":[{"embeddable":true,"href":"https:\/\/chessgamesemporium.com\/hr\/wp-json\/wp\/v2\/media\/52826"}],"wp:attachment":[{"href":"https:\/\/chessgamesemporium.com\/hr\/wp-json\/wp\/v2\/media?parent=52806"}],"wp:term":[{"taxonomy":"product_brand","embeddable":true,"href":"https:\/\/chessgamesemporium.com\/hr\/wp-json\/wp\/v2\/product_brand?post=52806"},{"taxonomy":"product_cat","embeddable":true,"href":"https:\/\/chessgamesemporium.com\/hr\/wp-json\/wp\/v2\/product_cat?post=52806"},{"taxonomy":"product_tag","embeddable":true,"href":"https:\/\/chessgamesemporium.com\/hr\/wp-json\/wp\/v2\/product_tag?post=52806"}],"curies":[{"name":"wp","href":"https:\/\/api.w.org\/{rel}","templated":true}]}}