{"id":52850,"date":"2023-10-18T06:46:46","date_gmt":"2023-10-18T06:46:46","guid":{"rendered":"https:\/\/chessgamesemporium.com\/?post_type=product&#038;p=52850"},"modified":"2024-09-19T09:12:45","modified_gmt":"2024-09-19T09:12:45","slug":"3d-kartonska-slagalica-linderhof","status":"publish","type":"product","link":"https:\/\/chessgamesemporium.com\/hr\/shop\/slagalice-puzzle\/3d-kartonaste-slagalice\/3d-kartonska-slagalica-linderhof\/","title":{"rendered":"3D Kartonska slagalica LINDERHOF"},"content":{"rendered":"<p>3D Slagalica, kartonski model<\/p>\n<p>Dimenzije: 35 \u00d7 31 \u00d7 22 cm<br \/>\nBroj kartona s komadima: 7<br \/>\nOcjena te\u017eine: 2<br \/>\nOmjer: 1:87<br \/>\npogodan za \u017eeljeznicu<\/p>\n<p>Linderhof je dvorac ili kurija u dolini Graswangtal u sjeverozapadnoj Bavarskoj, u blizini samostana Ettal. Sagradio ju je bavarski kralj Ludwig II. Bavarski na podru\u010dju kraljevske ku\u0107e svoga oca Maksimilijana II. od Bavarske. To je najmanji, a ujedno i jedini dvorac Luja II koji je dovr\u0161en za njegova \u017eivota.<\/p>\n<p>UPOZORENJE! Nije prikladno za djecu mla\u0111u od tri godine.<\/p>","protected":false},"excerpt":{"rendered":"<p>3D sestavljanka, model iz kartona Dimenzije 35 x 31 x 22 cm \u0160tevilo kartonov s kosi:: 7 Ocena te\u017eavnosti: 2 Razmerje: 1:87 Primerno za \u017eeleznice: DA Linderhof je grad oziroma dvorec v dolini Graswangtal v severozahodni Bavarski, v bli\u017eini samostana Ettal. Zgraditi ga je dal bavarski kralj Ludvik II. Bavarski na obmo\u010dju kraljeve hi\u0161e svojega [&hellip;]<\/p>","protected":false},"featured_media":56037,"comment_status":"closed","ping_status":"closed","template":"","meta":{"_seopress_robots_primary_cat":"none","_seopress_titles_title":"","_seopress_titles_desc":"","_seopress_robots_index":""},"product_brand":[],"product_cat":[664,617],"product_tag":[],"class_list":{"0":"post-52850","1":"product","2":"type-product","3":"status-publish","4":"has-post-thumbnail","6":"product_cat-3d-kartonaste-sestavljanke","7":"product_cat-sestavljanke-puzzle","9":"entry","10":"has-media","12":"first","13":"instock","14":"taxable","15":"shipping-taxable","16":"purchasable","17":"product-type-simple","18":"has-product-nav","19":"col","20":"span_1_of_4","21":"owp-content-center","22":"item-entry","23":"owp-thumbs-layout-horizontal","24":"owp-btn-normal","25":"owp-tabs-layout-section","26":"has-no-thumbnails"},"wcpa_form_fields":null,"_links":{"self":[{"href":"https:\/\/chessgamesemporium.com\/hr\/wp-json\/wp\/v2\/product\/52850","targetHints":{"allow":["GET"]}}],"collection":[{"href":"https:\/\/chessgamesemporium.com\/hr\/wp-json\/wp\/v2\/product"}],"about":[{"href":"https:\/\/chessgamesemporium.com\/hr\/wp-json\/wp\/v2\/types\/product"}],"replies":[{"embeddable":true,"href":"https:\/\/chessgamesemporium.com\/hr\/wp-json\/wp\/v2\/comments?post=52850"}],"version-history":[{"count":0,"href":"https:\/\/chessgamesemporium.com\/hr\/wp-json\/wp\/v2\/product\/52850\/revisions"}],"wp:featuredmedia":[{"embeddable":true,"href":"https:\/\/chessgamesemporium.com\/hr\/wp-json\/wp\/v2\/media\/56037"}],"wp:attachment":[{"href":"https:\/\/chessgamesemporium.com\/hr\/wp-json\/wp\/v2\/media?parent=52850"}],"wp:term":[{"taxonomy":"product_brand","embeddable":true,"href":"https:\/\/chessgamesemporium.com\/hr\/wp-json\/wp\/v2\/product_brand?post=52850"},{"taxonomy":"product_cat","embeddable":true,"href":"https:\/\/chessgamesemporium.com\/hr\/wp-json\/wp\/v2\/product_cat?post=52850"},{"taxonomy":"product_tag","embeddable":true,"href":"https:\/\/chessgamesemporium.com\/hr\/wp-json\/wp\/v2\/product_tag?post=52850"}],"curies":[{"name":"wp","href":"https:\/\/api.w.org\/{rel}","templated":true}]}}