{"id":52880,"date":"2023-10-18T07:19:27","date_gmt":"2023-10-18T07:19:27","guid":{"rendered":"https:\/\/chessgamesemporium.com\/?post_type=product&#038;p=52880"},"modified":"2024-09-19T09:08:21","modified_gmt":"2024-09-19T09:08:21","slug":"3d-kartonska-slagalica-knochenhauer","status":"publish","type":"product","link":"https:\/\/chessgamesemporium.com\/hr\/shop\/slagalice-puzzle\/3d-kartonaste-slagalice\/3d-kartonska-slagalica-knochenhauer\/","title":{"rendered":"3D Kartonska Slagalica KNOCHENHAUER"},"content":{"rendered":"<p>3D Slagalica, kartonski model<\/p>\n<p>Dimenzije: 11 \u00d7 9 \u00d7 14 cm<br \/>\nBroj kartona s komadima: 2,5<br \/>\nOmjer: 1:160<br \/>\npogodan za \u017eeljeznicu<\/p>\n<p>Knochenhauer-Amtshaus u Hildesheimu sagra\u0111en je 1529. godine, i zabat mu je bio visok 26 metara. U vrijeme izgradnje nije bio samo simbol mo\u0107i srednje klase i dru\u0161tvenog bogatstva, ve\u0107 i umjetni\u010dko djelo majstorske umjetnosti kasne gotike. Smatra se najljep\u0161om drvenom ku\u0107om na svijetu. Nakon 1945. godine na istom je terenu izgra\u0111en hotel. Zahvaljuju\u0107i Gra\u0111anskoj inicijativi Hildesheima i uz potporu grada, bilo je mogu\u0107e sru\u0161iti zgradu 1986., a potom i rekonstrukciju Knochenhauer-Amtshausa u skladu s izvornikom na vlastitom mjestu 1989. Za rekonstrukciju bilo je potrebno 400 kubi\u010dnih metara hrastovine, a spojili su ih stolari tradicionalnim metodama s oko 7500 drvenih \u010davala s vi\u0161e od 4300 veza. Rezbarije na gredama i nosa\u010dima mogle su se reproducirati zahvaljuju\u0107i fotogrametriji na starim fotografijama. Nasvo\u0111eni podrum rekonstruiran je od blokova pje\u0161\u010denjaka prema dijelu koji je otkriven tijekom iskapanja. Uz zahvalu i ljubazno dopu\u0161tenje preuzeto iz bro\u0161ure \u201cHildesheimer Rosenroute\u201d.<\/p>\n<p>UPOZORENJE! Nije prikladno za djecu mla\u0111u od tri godine.<\/p>","protected":false},"excerpt":{"rendered":"<p>3D sestavljanka, model iz kartona Dimenzije 11 x 9 x 14 cm \u0160tevilo kartonov s kosi: 2,5 Razmerje: 1:160 Primerno za \u017eeleznice: DA Arhitekturno zelo znana stavba v Nem\u010diji OPOZORILO! Ni primerno za otroke pod tretjim letom starosti.<\/p>","protected":false},"featured_media":56034,"comment_status":"closed","ping_status":"closed","template":"","meta":{"_seopress_robots_primary_cat":"none","_seopress_titles_title":"","_seopress_titles_desc":"","_seopress_robots_index":""},"product_brand":[],"product_cat":[664,617],"product_tag":[],"class_list":{"0":"post-52880","1":"product","2":"type-product","3":"status-publish","4":"has-post-thumbnail","6":"product_cat-3d-kartonaste-sestavljanke","7":"product_cat-sestavljanke-puzzle","9":"entry","10":"has-media","12":"first","13":"instock","14":"taxable","15":"shipping-taxable","16":"purchasable","17":"product-type-simple","18":"has-product-nav","19":"col","20":"span_1_of_4","21":"owp-content-center","22":"item-entry","23":"owp-thumbs-layout-horizontal","24":"owp-btn-normal","25":"owp-tabs-layout-section","26":"has-no-thumbnails"},"wcpa_form_fields":null,"_links":{"self":[{"href":"https:\/\/chessgamesemporium.com\/hr\/wp-json\/wp\/v2\/product\/52880","targetHints":{"allow":["GET"]}}],"collection":[{"href":"https:\/\/chessgamesemporium.com\/hr\/wp-json\/wp\/v2\/product"}],"about":[{"href":"https:\/\/chessgamesemporium.com\/hr\/wp-json\/wp\/v2\/types\/product"}],"replies":[{"embeddable":true,"href":"https:\/\/chessgamesemporium.com\/hr\/wp-json\/wp\/v2\/comments?post=52880"}],"version-history":[{"count":0,"href":"https:\/\/chessgamesemporium.com\/hr\/wp-json\/wp\/v2\/product\/52880\/revisions"}],"wp:featuredmedia":[{"embeddable":true,"href":"https:\/\/chessgamesemporium.com\/hr\/wp-json\/wp\/v2\/media\/56034"}],"wp:attachment":[{"href":"https:\/\/chessgamesemporium.com\/hr\/wp-json\/wp\/v2\/media?parent=52880"}],"wp:term":[{"taxonomy":"product_brand","embeddable":true,"href":"https:\/\/chessgamesemporium.com\/hr\/wp-json\/wp\/v2\/product_brand?post=52880"},{"taxonomy":"product_cat","embeddable":true,"href":"https:\/\/chessgamesemporium.com\/hr\/wp-json\/wp\/v2\/product_cat?post=52880"},{"taxonomy":"product_tag","embeddable":true,"href":"https:\/\/chessgamesemporium.com\/hr\/wp-json\/wp\/v2\/product_tag?post=52880"}],"curies":[{"name":"wp","href":"https:\/\/api.w.org\/{rel}","templated":true}]}}