{"id":53006,"date":"2023-10-18T11:19:47","date_gmt":"2023-10-18T11:19:47","guid":{"rendered":"https:\/\/chessgamesemporium.com\/?post_type=product&#038;p=53006"},"modified":"2024-10-03T09:00:49","modified_gmt":"2024-10-03T09:00:49","slug":"slagalica-happy-cube-little-genius","status":"publish","type":"product","link":"https:\/\/chessgamesemporium.com\/hr\/shop\/misaone-igre\/drvene-pjenaste-misaone\/slagalica-happy-cube-little-genius\/","title":{"rendered":"Slagalica HAPPY CUBE \u2013 LITTLE GENIUS"},"content":{"rendered":"<p>Mali genij \u2013 3-99 godina<\/p>\n<p>Najlak\u0161a od verzija<br \/>\nBoja slagalice mo\u017ee se razlikovati od one na fotografiji; proizvod uklju\u010duje 1 komad.<\/p>\n<p>Happy Cube slagalice su trajne, sigurno proizvedene u Belgiji i udovoljavaju najstro\u017eim propisima o kvaliteti i sigurnosti. Stvaraj, igraj se i u\u010di!<\/p>\n<p>*Zabava za cijelu obitelj<br \/>\n*Jer ih mo\u017ee sastavljati jedan ili vi\u0161e igra\u010da<br \/>\n*Proizvedene u Europi<br \/>\n*Eko ambala\u017ea<br \/>\n*Poma\u017eu u razvoju samopouzdanja<br \/>\n*Poma\u017eu u razvoju prostorne inteligencije<br \/>\n*Poti\u010du fine motori\u010dke vje\u0161tine<br \/>\n*Izra\u0111ene su od 100% sigurne pjene<br \/>\n*Mekane su i ne lome se<br \/>\nPerive na 30\u00b0C<\/p>\n<p>UPOZORENJE! Nije prikladno za djecu mla\u0111u od tri godine.<\/p>","protected":false},"excerpt":{"rendered":"<p>Mali genij &#8211; 3-99 let Najla\u017eja od verzij. Barva sestavljanke je lahko druga\u010dna kot na fotografiji, gre za 1 kos. Sestavljanke Happy Cube so trajne, varno izdelane v Belgiji in &#8211; -Ustrezajo najstro\u017ejim predpisom glede kakovosti in varnosti. Ustvari, igraj se in se u\u010di! *Zabava za vso dru\u017eino *Ker jih lahko sestavlja eden ali ve\u010d [&hellip;]<\/p>","protected":false},"featured_media":53016,"comment_status":"closed","ping_status":"closed","template":"","meta":{"_seopress_robots_primary_cat":"none","_seopress_titles_title":"","_seopress_titles_desc":"","_seopress_robots_index":""},"product_brand":[],"product_cat":[663,616],"product_tag":[],"class_list":{"0":"post-53006","1":"product","2":"type-product","3":"status-publish","4":"has-post-thumbnail","6":"product_cat-lesene-penaste-miselne","7":"product_cat-miselne-igre","9":"entry","10":"has-media","12":"first","13":"instock","14":"taxable","15":"shipping-taxable","16":"purchasable","17":"product-type-simple","18":"has-product-nav","19":"col","20":"span_1_of_4","21":"owp-content-center","22":"item-entry","23":"owp-thumbs-layout-horizontal","24":"owp-btn-normal","25":"owp-tabs-layout-section","26":"has-no-thumbnails"},"wcpa_form_fields":null,"_links":{"self":[{"href":"https:\/\/chessgamesemporium.com\/hr\/wp-json\/wp\/v2\/product\/53006","targetHints":{"allow":["GET"]}}],"collection":[{"href":"https:\/\/chessgamesemporium.com\/hr\/wp-json\/wp\/v2\/product"}],"about":[{"href":"https:\/\/chessgamesemporium.com\/hr\/wp-json\/wp\/v2\/types\/product"}],"replies":[{"embeddable":true,"href":"https:\/\/chessgamesemporium.com\/hr\/wp-json\/wp\/v2\/comments?post=53006"}],"version-history":[{"count":0,"href":"https:\/\/chessgamesemporium.com\/hr\/wp-json\/wp\/v2\/product\/53006\/revisions"}],"wp:featuredmedia":[{"embeddable":true,"href":"https:\/\/chessgamesemporium.com\/hr\/wp-json\/wp\/v2\/media\/53016"}],"wp:attachment":[{"href":"https:\/\/chessgamesemporium.com\/hr\/wp-json\/wp\/v2\/media?parent=53006"}],"wp:term":[{"taxonomy":"product_brand","embeddable":true,"href":"https:\/\/chessgamesemporium.com\/hr\/wp-json\/wp\/v2\/product_brand?post=53006"},{"taxonomy":"product_cat","embeddable":true,"href":"https:\/\/chessgamesemporium.com\/hr\/wp-json\/wp\/v2\/product_cat?post=53006"},{"taxonomy":"product_tag","embeddable":true,"href":"https:\/\/chessgamesemporium.com\/hr\/wp-json\/wp\/v2\/product_tag?post=53006"}],"curies":[{"name":"wp","href":"https:\/\/api.w.org\/{rel}","templated":true}]}}