{"id":53180,"date":"2023-10-25T08:55:05","date_gmt":"2023-10-25T08:55:05","guid":{"rendered":"https:\/\/chessgamesemporium.com\/?post_type=product&#038;p=53180"},"modified":"2024-05-13T10:58:54","modified_gmt":"2024-05-13T10:58:54","slug":"igra-spretnosti-mini-biljar","status":"publish","type":"product","link":"https:\/\/chessgamesemporium.com\/hr\/shop\/druzabne-igre\/igra-spretnosti-mini-biljar\/","title":{"rendered":"Igra vje\u0161tine MINI BILJAR"},"content":{"rendered":"<p>Sadr\u017ei:<br \/>\nOkvir od MDF-a, 16 bilijar kugli, 2 \u0161tapa.<\/p>\n<p>Dimenzije: 51 x 32 x 10 cm<\/p>\n<p>Zabavna stolna verzija bilijara, pogodna za ku\u0107u, ured ili putovanja. Postavite igru na stol i ve\u0107 mo\u017eete po\u010deti igrati.<br \/>\nZabava i uzbu\u0111enje zajam\u010deni.<\/p>\n<p>UPOZORENJE! Nije prikladno za djecu mla\u0111u od tri godine.<\/p>","protected":false},"excerpt":{"rendered":"<p>Vsebuje: Ogrodje iz MDF-a, 16 biljard kugel, 2 palici. Dimenzije: 51 x 32 x 10 cm Zabavna namizna razli\u010dica biljarda, primerna za dom, pisarno ali za na pot. Igro postavimo na mizo in \u017ee se igra lahko za\u010dne. Vznemirjenje in zabava zagotovljena. OPOZORILO! Ni primerno za otroke pod tretjim letom starosti.<\/p>","protected":false},"featured_media":53183,"comment_status":"closed","ping_status":"closed","template":"","meta":{"_seopress_robots_primary_cat":"none","_seopress_titles_title":"","_seopress_titles_desc":"","_seopress_robots_index":""},"product_brand":[],"product_cat":[677],"product_tag":[],"class_list":{"0":"post-53180","1":"product","2":"type-product","3":"status-publish","4":"has-post-thumbnail","6":"product_cat-druzabne-igre","8":"entry","9":"has-media","11":"first","12":"instock","13":"taxable","14":"shipping-taxable","15":"purchasable","16":"product-type-simple","17":"has-product-nav","18":"col","19":"span_1_of_4","20":"owp-content-center","21":"item-entry","22":"owp-thumbs-layout-horizontal","23":"owp-btn-normal","24":"owp-tabs-layout-section","25":"has-no-thumbnails"},"wcpa_form_fields":null,"_links":{"self":[{"href":"https:\/\/chessgamesemporium.com\/hr\/wp-json\/wp\/v2\/product\/53180","targetHints":{"allow":["GET"]}}],"collection":[{"href":"https:\/\/chessgamesemporium.com\/hr\/wp-json\/wp\/v2\/product"}],"about":[{"href":"https:\/\/chessgamesemporium.com\/hr\/wp-json\/wp\/v2\/types\/product"}],"replies":[{"embeddable":true,"href":"https:\/\/chessgamesemporium.com\/hr\/wp-json\/wp\/v2\/comments?post=53180"}],"version-history":[{"count":0,"href":"https:\/\/chessgamesemporium.com\/hr\/wp-json\/wp\/v2\/product\/53180\/revisions"}],"wp:featuredmedia":[{"embeddable":true,"href":"https:\/\/chessgamesemporium.com\/hr\/wp-json\/wp\/v2\/media\/53183"}],"wp:attachment":[{"href":"https:\/\/chessgamesemporium.com\/hr\/wp-json\/wp\/v2\/media?parent=53180"}],"wp:term":[{"taxonomy":"product_brand","embeddable":true,"href":"https:\/\/chessgamesemporium.com\/hr\/wp-json\/wp\/v2\/product_brand?post=53180"},{"taxonomy":"product_cat","embeddable":true,"href":"https:\/\/chessgamesemporium.com\/hr\/wp-json\/wp\/v2\/product_cat?post=53180"},{"taxonomy":"product_tag","embeddable":true,"href":"https:\/\/chessgamesemporium.com\/hr\/wp-json\/wp\/v2\/product_tag?post=53180"}],"curies":[{"name":"wp","href":"https:\/\/api.w.org\/{rel}","templated":true}]}}