{"id":53320,"date":"2023-11-02T13:14:46","date_gmt":"2023-11-02T13:14:46","guid":{"rendered":"https:\/\/chessgamesemporium.com\/?post_type=product&#038;p=53320"},"modified":"2023-11-10T08:48:48","modified_gmt":"2023-11-10T08:48:48","slug":"carobni-trik-leteci-kovanci","status":"publish","type":"product","link":"https:\/\/chessgamesemporium.com\/hr\/shop\/druzabne-igre\/carobni-trik-leteci-kovanci\/","title":{"rendered":"\u010carobni trik Lete\u0107i kovan\u010di"},"content":{"rendered":"<p>Trik s kovancima uklju\u010duje dvije posudice koje omogu\u0107avaju teleportaciju kovanica iz jedne posudice u drugu samo pomo\u0107u misli. Ovo je zaista izvanredan i fascinantan trik!<\/p>\n<p>Ni primerno za otroke do tretjega leta.<\/p>","protected":false},"excerpt":{"rendered":"<p>Dve posodici omogo\u010data, da lahko kovance teleportiramo iz ene posodice v drugo samo s pomo\u010djo misli. Zares odli\u010den, dih jemajo\u010d trik! Ni primerno za otroke do tretjega leta.<\/p>","protected":false},"featured_media":53340,"comment_status":"closed","ping_status":"closed","template":"","meta":{"_seopress_robots_primary_cat":"none","_seopress_titles_title":"","_seopress_titles_desc":"","_seopress_robots_index":""},"product_brand":[],"product_cat":[677],"product_tag":[],"class_list":{"0":"post-53320","1":"product","2":"type-product","3":"status-publish","4":"has-post-thumbnail","6":"product_cat-druzabne-igre","8":"entry","9":"has-media","11":"first","12":"instock","13":"taxable","14":"shipping-taxable","15":"purchasable","16":"product-type-simple","17":"has-product-nav","18":"col","19":"span_1_of_4","20":"owp-content-center","21":"item-entry","22":"owp-thumbs-layout-horizontal","23":"owp-btn-normal","24":"owp-tabs-layout-section","25":"has-no-thumbnails"},"wcpa_form_fields":null,"_links":{"self":[{"href":"https:\/\/chessgamesemporium.com\/hr\/wp-json\/wp\/v2\/product\/53320","targetHints":{"allow":["GET"]}}],"collection":[{"href":"https:\/\/chessgamesemporium.com\/hr\/wp-json\/wp\/v2\/product"}],"about":[{"href":"https:\/\/chessgamesemporium.com\/hr\/wp-json\/wp\/v2\/types\/product"}],"replies":[{"embeddable":true,"href":"https:\/\/chessgamesemporium.com\/hr\/wp-json\/wp\/v2\/comments?post=53320"}],"version-history":[{"count":0,"href":"https:\/\/chessgamesemporium.com\/hr\/wp-json\/wp\/v2\/product\/53320\/revisions"}],"wp:featuredmedia":[{"embeddable":true,"href":"https:\/\/chessgamesemporium.com\/hr\/wp-json\/wp\/v2\/media\/53340"}],"wp:attachment":[{"href":"https:\/\/chessgamesemporium.com\/hr\/wp-json\/wp\/v2\/media?parent=53320"}],"wp:term":[{"taxonomy":"product_brand","embeddable":true,"href":"https:\/\/chessgamesemporium.com\/hr\/wp-json\/wp\/v2\/product_brand?post=53320"},{"taxonomy":"product_cat","embeddable":true,"href":"https:\/\/chessgamesemporium.com\/hr\/wp-json\/wp\/v2\/product_cat?post=53320"},{"taxonomy":"product_tag","embeddable":true,"href":"https:\/\/chessgamesemporium.com\/hr\/wp-json\/wp\/v2\/product_tag?post=53320"}],"curies":[{"name":"wp","href":"https:\/\/api.w.org\/{rel}","templated":true}]}}