{"id":53360,"date":"2023-11-02T14:02:01","date_gmt":"2023-11-02T14:02:01","guid":{"rendered":"https:\/\/chessgamesemporium.com\/?post_type=product&#038;p=53360"},"modified":"2026-01-28T08:57:07","modified_gmt":"2026-01-28T08:57:07","slug":"namizna-igra-tirolska-ruleta","status":"publish","type":"product","link":"https:\/\/chessgamesemporium.com\/hr\/shop\/druzabne-igre\/namizna-igra-tirolska-ruleta\/","title":{"rendered":"Namizna igra Tirolska ruleta"},"content":{"rendered":"<p>Sadr\u017ei:<br \/>\nDrvena plo\u010da (22 x 22 x 3 cm), vreteno i kuglice<\/p>\n<p>Tirolska ruleta je zabavna igra za 2 ili vi\u0161e igra\u010da.<br \/>\nKada zavrtimo vreteno, ono odgurne kuglice prema van. Ako kuglica zavr\u0161i u rupi, osvajate bodove. Pobjednik je igra\u010d koji prvi postigne unaprijed odre\u0111eni broj bodova.<\/p>\n<p>UPOZORENJE! Nije prikladno za djecu mla\u0111u od tri godine.<\/p>","protected":false},"excerpt":{"rendered":"<p>Vsebuje: Lesena ploskev (22 x 22 x 3 cm), vrtavka in kroglice Tirolska ruleta je zabavna igra za 2 ali ve\u010d igralcev. Ko zavrtimo vrtavko, ta odbije \u017eogice navzven. \u010ce \u017eogica pristane v luknji, ste dobilo to\u010dke. Zmagovalec je igralec, ki prvi dose\u017ee vnaprej dolo\u010deno \u0161tevilo to\u010dk. OPOZORILO! Ni primerno za otroke pod tretjim letom [&hellip;]<\/p>","protected":false},"featured_media":53363,"comment_status":"closed","ping_status":"closed","template":"","meta":{"_seopress_robots_primary_cat":"none","_seopress_titles_title":"","_seopress_titles_desc":"","_seopress_robots_index":""},"product_brand":[],"product_cat":[677],"product_tag":[],"class_list":{"0":"post-53360","1":"product","2":"type-product","3":"status-publish","4":"has-post-thumbnail","6":"product_cat-druzabne-igre","7":"wcpa_has_options","9":"entry","10":"has-media","12":"first","13":"instock","14":"taxable","15":"shipping-taxable","16":"purchasable","17":"product-type-simple","18":"has-product-nav","19":"col","20":"span_1_of_4","21":"owp-content-center","22":"item-entry","23":"owp-thumbs-layout-horizontal","24":"owp-btn-normal","25":"owp-tabs-layout-section","26":"has-no-thumbnails"},"wcpa_form_fields":{"rules":{"pric_overide_base_price":false,"pric_overide_base_price_if_gt_zero":false,"pric_overide_base_price_fully":false,"pric_cal_option_once":false,"pric_use_as_fee":false,"bind_quantity":false,"quantity_bind_formula":false},"fields":[{"type":"text","elementId":"wcpa-text-1666713333654","label":"Gravura ( opcijsko )","description":"Vpi\u0161ite \u017eeljeni tekst za graviranje (npr. Vse najbolj\u0161e, IME, datum ipd.)","desc_type":true,"enablePrice":true,"pricingType":"fixed","price":"7","name":"text-1666713333654","fee_label":"Za naro\u010dnike izven eu, bo davek od\u0161tet na blagajni.","subtype":"text","maxlength":"16","cl_rule":"show","col":6,"relations":false,"form_id":46231,"form_rules":{"pric_cal_option_once":false,"exclude_from_discount":false,"pric_use_as_fee":false,"fee_label":"Fee","render_after_acb":false,"disp_hide_options_price":false}}]},"_links":{"self":[{"href":"https:\/\/chessgamesemporium.com\/hr\/wp-json\/wp\/v2\/product\/53360","targetHints":{"allow":["GET"]}}],"collection":[{"href":"https:\/\/chessgamesemporium.com\/hr\/wp-json\/wp\/v2\/product"}],"about":[{"href":"https:\/\/chessgamesemporium.com\/hr\/wp-json\/wp\/v2\/types\/product"}],"replies":[{"embeddable":true,"href":"https:\/\/chessgamesemporium.com\/hr\/wp-json\/wp\/v2\/comments?post=53360"}],"version-history":[{"count":0,"href":"https:\/\/chessgamesemporium.com\/hr\/wp-json\/wp\/v2\/product\/53360\/revisions"}],"wp:featuredmedia":[{"embeddable":true,"href":"https:\/\/chessgamesemporium.com\/hr\/wp-json\/wp\/v2\/media\/53363"}],"wp:attachment":[{"href":"https:\/\/chessgamesemporium.com\/hr\/wp-json\/wp\/v2\/media?parent=53360"}],"wp:term":[{"taxonomy":"product_brand","embeddable":true,"href":"https:\/\/chessgamesemporium.com\/hr\/wp-json\/wp\/v2\/product_brand?post=53360"},{"taxonomy":"product_cat","embeddable":true,"href":"https:\/\/chessgamesemporium.com\/hr\/wp-json\/wp\/v2\/product_cat?post=53360"},{"taxonomy":"product_tag","embeddable":true,"href":"https:\/\/chessgamesemporium.com\/hr\/wp-json\/wp\/v2\/product_tag?post=53360"}],"curies":[{"name":"wp","href":"https:\/\/api.w.org\/{rel}","templated":true}]}}