{"id":53434,"date":"2023-11-03T12:19:18","date_gmt":"2023-11-03T12:19:18","guid":{"rendered":"https:\/\/chessgamesemporium.com\/?post_type=product&#038;p=53434"},"modified":"2023-11-20T12:12:01","modified_gmt":"2023-11-20T12:12:01","slug":"namizna-igra-domino-florida","status":"publish","type":"product","link":"https:\/\/chessgamesemporium.com\/hr\/shop\/druzabne-igre\/namizna-igra-domino-florida\/","title":{"rendered":"Namizna Igra DOMINO FLORIDA"},"content":{"rendered":"<p>Igra domino u drveni kutiji - Florida<\/p>\n<p>Elegantna drvena kutija izra\u0111ena je s sofisticiranom precizno\u0161\u0107u.<br \/>\nIgra sadr\u017ei 28 kvalitetnih domino plo\u010dica s zaobljenim uglovima.<\/p>\n<p>Dimenzije:<br \/>\nDomine: 5,2 x 2,7 x 1 cm<br \/>\nDrvena kutija: 24 x 17 x 8,5 cm<\/p>\n<p>UPOZORENJE! Nije prikladno za djecu mla\u0111u od tri godine.<\/p>","protected":false},"excerpt":{"rendered":"<p>Igra domino v leseni \u0161katli &#8211; Florida Elegantna lesena \u0161katla je narejena s prefinjeno natan\u010dnostjo. Igra vsebuje 28 kvalitetnih domino plo\u0161\u010dic z zaobljenimi koti. Dimenzije: Domine: 5,2 x 2,7 x 1 cm Lesena \u0161katla: 24 x 17 x 8,5 cm OPOZORILO! Ni primerno za otroke pod tretjim letom starosti.<\/p>","protected":false},"featured_media":53464,"comment_status":"closed","ping_status":"closed","template":"","meta":{"_seopress_robots_primary_cat":"none","_seopress_titles_title":"","_seopress_titles_desc":"","_seopress_robots_index":""},"product_brand":[],"product_cat":[677],"product_tag":[],"class_list":{"0":"post-53434","1":"product","2":"type-product","3":"status-publish","4":"has-post-thumbnail","6":"product_cat-druzabne-igre","7":"wcpa_has_options","9":"entry","10":"has-media","12":"first","13":"instock","14":"taxable","15":"shipping-taxable","16":"purchasable","17":"product-type-simple","18":"has-product-nav","19":"col","20":"span_1_of_4","21":"owp-content-center","22":"item-entry","23":"owp-thumbs-layout-horizontal","24":"owp-btn-normal","25":"owp-tabs-layout-section"},"wcpa_form_fields":{"rules":{"pric_overide_base_price":false,"pric_overide_base_price_if_gt_zero":false,"pric_overide_base_price_fully":false,"pric_cal_option_once":false,"pric_use_as_fee":false,"bind_quantity":false,"quantity_bind_formula":false},"fields":[{"type":"text","elementId":"wcpa-text-1666713333654","label":"Gravura ( opcijsko )","description":"Vpi\u0161ite \u017eeljeni tekst za graviranje (npr. Vse najbolj\u0161e, IME, datum ipd.)","desc_type":true,"enablePrice":true,"pricingType":"fixed","price":"7","name":"text-1666713333654","fee_label":"Za naro\u010dnike izven eu, bo davek od\u0161tet na blagajni.","subtype":"text","maxlength":"16","cl_rule":"show","col":6,"relations":false,"form_id":46231,"form_rules":{"pric_cal_option_once":false,"exclude_from_discount":false,"pric_use_as_fee":false,"fee_label":"Fee","render_after_acb":false,"disp_hide_options_price":false}}]},"_links":{"self":[{"href":"https:\/\/chessgamesemporium.com\/hr\/wp-json\/wp\/v2\/product\/53434","targetHints":{"allow":["GET"]}}],"collection":[{"href":"https:\/\/chessgamesemporium.com\/hr\/wp-json\/wp\/v2\/product"}],"about":[{"href":"https:\/\/chessgamesemporium.com\/hr\/wp-json\/wp\/v2\/types\/product"}],"replies":[{"embeddable":true,"href":"https:\/\/chessgamesemporium.com\/hr\/wp-json\/wp\/v2\/comments?post=53434"}],"version-history":[{"count":0,"href":"https:\/\/chessgamesemporium.com\/hr\/wp-json\/wp\/v2\/product\/53434\/revisions"}],"wp:featuredmedia":[{"embeddable":true,"href":"https:\/\/chessgamesemporium.com\/hr\/wp-json\/wp\/v2\/media\/53464"}],"wp:attachment":[{"href":"https:\/\/chessgamesemporium.com\/hr\/wp-json\/wp\/v2\/media?parent=53434"}],"wp:term":[{"taxonomy":"product_brand","embeddable":true,"href":"https:\/\/chessgamesemporium.com\/hr\/wp-json\/wp\/v2\/product_brand?post=53434"},{"taxonomy":"product_cat","embeddable":true,"href":"https:\/\/chessgamesemporium.com\/hr\/wp-json\/wp\/v2\/product_cat?post=53434"},{"taxonomy":"product_tag","embeddable":true,"href":"https:\/\/chessgamesemporium.com\/hr\/wp-json\/wp\/v2\/product_tag?post=53434"}],"curies":[{"name":"wp","href":"https:\/\/api.w.org\/{rel}","templated":true}]}}