{"id":53494,"date":"2023-11-03T12:50:53","date_gmt":"2023-11-03T12:50:53","guid":{"rendered":"https:\/\/chessgamesemporium.com\/?post_type=product&#038;p=53494"},"modified":"2025-03-07T07:01:51","modified_gmt":"2025-03-07T07:01:51","slug":"namizna-igra-rummikub-luzern","status":"publish","type":"product","link":"https:\/\/chessgamesemporium.com\/hr\/shop\/druzabne-igre\/namizna-igra-rummikub-luzern\/","title":{"rendered":"Namizna Igra Rummy Luzern"},"content":{"rendered":"<p>Rummikub Igra Luzern<\/p>\n<p>Sadr\u017eaj: 4 drvena postolja, svako u svojoj torbici od tkanine, 106 plo\u010dica vrhunske kvalitete u vre\u0107ici od bar\u0161una, 1 kocka, torba visoke kvalitete za putovanje koja olak\u0161ava no\u0161enje i skladi\u0161tenje.<\/p>\n<p>STALAK:<br \/>\nMaterial: drvo bukve<br \/>\nDimenzije: 42 x 6,5 x 7 cm<\/p>\n<p>PLO\u010cICE:<br \/>\nMaterijal: Visokokvalitetna plastika<br \/>\nDimenzije: 3,5 x 2,5 cm<\/p>\n<p>Ova predivna igra napravljena je od visokokvalitetnog bukovog drva. To pru\u017ea rusti\u010dni izgled i dobru kvalitetu.<\/p>\n<p>UPOZORENJE! Nije prikladno za djecu mla\u0111u od tri godine.<\/p>","protected":false},"excerpt":{"rendered":"<p>Rummikub Igra Luzern Vsebina: 4 lesena stojala, vsako v svoji torbici iz tkanine, 106 plo\u0161\u010dic vrhunske kakovosti v \u017eametni torbici, 1 kocko, visokokakovostno potovalno torbo, ki olaj\u0161a prena\u0161anje in shranjevanje. STOJALO: Material: bukov les Dimenzije: 42 x 6,5 x 7 cm PLO\u0160\u010cICE: Material: Visokokakovostna plastika Dimenzije: 3,5 x 2,5 cm Ta \u010dudovita igra je narejena [&hellip;]<\/p>","protected":false},"featured_media":53501,"comment_status":"closed","ping_status":"closed","template":"","meta":{"_seopress_robots_primary_cat":"none","_seopress_titles_title":"","_seopress_titles_desc":"","_seopress_robots_index":""},"product_brand":[],"product_cat":[677],"product_tag":[],"class_list":{"0":"post-53494","1":"product","2":"type-product","3":"status-publish","4":"has-post-thumbnail","6":"product_cat-druzabne-igre","8":"entry","9":"has-media","11":"first","12":"instock","13":"taxable","14":"shipping-taxable","15":"purchasable","16":"product-type-simple","17":"has-product-nav","18":"col","19":"span_1_of_4","20":"owp-content-center","21":"item-entry","22":"owp-thumbs-layout-horizontal","23":"owp-btn-normal","24":"owp-tabs-layout-section"},"wcpa_form_fields":null,"_links":{"self":[{"href":"https:\/\/chessgamesemporium.com\/hr\/wp-json\/wp\/v2\/product\/53494","targetHints":{"allow":["GET"]}}],"collection":[{"href":"https:\/\/chessgamesemporium.com\/hr\/wp-json\/wp\/v2\/product"}],"about":[{"href":"https:\/\/chessgamesemporium.com\/hr\/wp-json\/wp\/v2\/types\/product"}],"replies":[{"embeddable":true,"href":"https:\/\/chessgamesemporium.com\/hr\/wp-json\/wp\/v2\/comments?post=53494"}],"version-history":[{"count":0,"href":"https:\/\/chessgamesemporium.com\/hr\/wp-json\/wp\/v2\/product\/53494\/revisions"}],"wp:featuredmedia":[{"embeddable":true,"href":"https:\/\/chessgamesemporium.com\/hr\/wp-json\/wp\/v2\/media\/53501"}],"wp:attachment":[{"href":"https:\/\/chessgamesemporium.com\/hr\/wp-json\/wp\/v2\/media?parent=53494"}],"wp:term":[{"taxonomy":"product_brand","embeddable":true,"href":"https:\/\/chessgamesemporium.com\/hr\/wp-json\/wp\/v2\/product_brand?post=53494"},{"taxonomy":"product_cat","embeddable":true,"href":"https:\/\/chessgamesemporium.com\/hr\/wp-json\/wp\/v2\/product_cat?post=53494"},{"taxonomy":"product_tag","embeddable":true,"href":"https:\/\/chessgamesemporium.com\/hr\/wp-json\/wp\/v2\/product_tag?post=53494"}],"curies":[{"name":"wp","href":"https:\/\/api.w.org\/{rel}","templated":true}]}}