{"id":53755,"date":"2023-11-07T13:46:51","date_gmt":"2023-11-07T13:46:51","guid":{"rendered":"https:\/\/chessgamesemporium.com\/?post_type=product&#038;p=53755"},"modified":"2026-01-26T08:08:16","modified_gmt":"2026-01-26T08:08:16","slug":"dgt-smart-board-s-notacijom-sahovske-figure-classic","status":"publish","type":"product","link":"https:\/\/chessgamesemporium.com\/hr\/shop\/sahovski-kompleti\/elektronski-sahi\/dgt-smart-board-s-notacijom-sahovske-figure-classic\/","title":{"rendered":"DGT Smart board s notacijom + \u0161ahovske figure CLASSIC"},"content":{"rendered":"<p>Plasti\u010dna \u0161ahovnica s notacijom<br \/>\nDrvene \u0161ahovske e-figure DGT Classic<\/p>\n<p>Dimenzije plo\u010de: 52 x 52 x 1,2 cm<br \/>\nDimenzije polja: 5,5 x 5,5 cm<\/p>\n<p>Dimenzije: (visina figure | promjer baze)<br \/>\nKralj: 9,6 cm | 4,1 cm<br \/>\nDama: 8,0 cm | 3,8 cm<br \/>\nTop: 5,2 cm | 3,4 cm<br \/>\nLovac: 6,9 cm | 3,5 cm<br \/>\nSkaka\u010d: 6,6 cm | 3,5 cm<br \/>\nPje\u0161ak: 4,8 cm | 2,9 cm<\/p>\n<p>DGT elektronska \u0161ahovnica Plug &amp; Play uvodi vas u dva nova svijeta: Va\u0161a partija se prenosi izravno na ra\u010dunalo i\/ili internet.<\/p>\n<p>DGT-ov Smartboard lako se povezuje s va\u0161im osobnim ra\u010dunalom putem USB veze. S DGT Smartboardom mo\u017eete igrati na internetskim stranicama poput PlayChess, Chess21 i ICC. Pametni e-Board djeluje kao ulazni ure\u0111aj za sve ve\u0107e programe.<\/p>\n<p>DGT Smartboard predstavlja vrhunac \u0161ahovsko-ra\u010dunalnih su\u010delja. Dodaje novu dimenziju u\u017eitku va\u0161ih \u0161ahovskih igara. Tipi\u010dan je proizvod tvrtke DGT - inovativan, kvalitetan i stvoren za prave ljubitelje \u0161aha.<\/p>\n<p>Darilni paket uklju\u010duje posebno izdanje poznatog programa Fritz i stotinu dana besplatnog pristupa PlayChess.com.<\/p>\n<p>\u2022 Igrajte partije putem interneta. Idealno za prijenose turnira.<br \/>\n\u2022 Omogu\u0107ite ra\u010dunalu da analizira poteze igre protiv \u010dovjeka.<br \/>\n\u2022 Automatski spremite va\u0161e partije u memoriju \u0161ahovnice i kasnije ih preuzmite u PGN formatu.<br \/>\n\u2022 DGT elektronska \u0161ahovnica dodaje novu dimenziju u\u017eitku va\u0161eg \u0161ahovskog iskustva.<br \/>\n\u2022 DGT Smartboard lako povezuje \u0161ahovnicu s va\u0161im ra\u010dunalom i omogu\u0107uje vam igranje izravno s najboljim \u0161ahovskim programima.<br \/>\n\u2022 Bez RSI-a i umornih o\u010diju.<br \/>\n\u2022 Igranje preko interneta jednako je jednostavno.<br \/>\n\u2022 Za klubove i organizacije DGT Smartboard predstavlja najlak\u0161i na\u010din za prijenos partija publici putem interneta.<br \/>\n\u2022 DGT Smartboard se mo\u017ee povezati s DGT 2500, DGT3000, ili DGT PI \u0161ahovskimi satovi.<\/p>\n<p>Nije prikladno za djecu mla\u0111u od tre\u0107e godine.<\/p>","protected":false},"excerpt":{"rendered":"<p>Plasti\u010dna \u0161ahovnica z notacijo Lesene \u0161ahovske e-figure DGT Classic Dimenzije \u0161ahovnice: 52 x 52 x 1,2 cm Dimenzije polja: 5,5 x 5,5 cm Dimenzije figur: (vi\u0161ina | premer podlage) Kralj: 9,6 cm | 4,1 cm Dama: 8,0 cm | 3,8 cm Top: 5,2 cm | 3,4 cm Lovec: 6,9 cm | 3,5 cm Skaka\u010d: 6,6 [&hellip;]<\/p>","protected":false},"featured_media":53761,"comment_status":"closed","ping_status":"closed","template":"","meta":{"_seopress_robots_primary_cat":"none","_seopress_titles_title":"","_seopress_titles_desc":"","_seopress_robots_index":""},"product_brand":[],"product_cat":[619,510],"product_tag":[],"class_list":{"0":"post-53755","1":"product","2":"type-product","3":"status-publish","4":"has-post-thumbnail","6":"product_cat-elektronski-sahi","7":"product_cat-sahovski-kompleti","9":"entry","10":"has-media","12":"first","13":"instock","14":"taxable","15":"shipping-taxable","16":"purchasable","17":"product-type-simple","18":"has-product-nav","19":"col","20":"span_1_of_4","21":"owp-content-center","22":"item-entry","23":"owp-thumbs-layout-horizontal","24":"owp-btn-normal","25":"owp-tabs-layout-section"},"wcpa_form_fields":null,"_links":{"self":[{"href":"https:\/\/chessgamesemporium.com\/hr\/wp-json\/wp\/v2\/product\/53755","targetHints":{"allow":["GET"]}}],"collection":[{"href":"https:\/\/chessgamesemporium.com\/hr\/wp-json\/wp\/v2\/product"}],"about":[{"href":"https:\/\/chessgamesemporium.com\/hr\/wp-json\/wp\/v2\/types\/product"}],"replies":[{"embeddable":true,"href":"https:\/\/chessgamesemporium.com\/hr\/wp-json\/wp\/v2\/comments?post=53755"}],"version-history":[{"count":0,"href":"https:\/\/chessgamesemporium.com\/hr\/wp-json\/wp\/v2\/product\/53755\/revisions"}],"wp:featuredmedia":[{"embeddable":true,"href":"https:\/\/chessgamesemporium.com\/hr\/wp-json\/wp\/v2\/media\/53761"}],"wp:attachment":[{"href":"https:\/\/chessgamesemporium.com\/hr\/wp-json\/wp\/v2\/media?parent=53755"}],"wp:term":[{"taxonomy":"product_brand","embeddable":true,"href":"https:\/\/chessgamesemporium.com\/hr\/wp-json\/wp\/v2\/product_brand?post=53755"},{"taxonomy":"product_cat","embeddable":true,"href":"https:\/\/chessgamesemporium.com\/hr\/wp-json\/wp\/v2\/product_cat?post=53755"},{"taxonomy":"product_tag","embeddable":true,"href":"https:\/\/chessgamesemporium.com\/hr\/wp-json\/wp\/v2\/product_tag?post=53755"}],"curies":[{"name":"wp","href":"https:\/\/api.w.org\/{rel}","templated":true}]}}