{"id":54384,"date":"2023-11-16T11:29:57","date_gmt":"2023-11-16T11:29:57","guid":{"rendered":"https:\/\/chessgamesemporium.com\/?post_type=product&#038;p=54384"},"modified":"2023-12-12T08:50:06","modified_gmt":"2023-12-12T08:50:06","slug":"barvna-jenga","status":"publish","type":"product","link":"https:\/\/chessgamesemporium.com\/hr\/shop\/druzabne-igre\/barvna-jenga\/","title":{"rendered":"Barvna jenga"},"content":{"rendered":"<p>Barvna jenga je vznemirljiva spretnostna igra za vso dru\u017eino. Vsi igralni kosi so na za\u010detku igre zlo\u017eeni v stolp. Vsak igralec po vrsti odstrani kos s stolpa in ga postavi nazaj na vrh stolpa. Vsak igralec pred svojo potezo vr\u017ee kocko, katera dolo\u010di kak\u0161ne barve kos sme izvle\u010di. Igralci morajo dokazati mo\u010d svojih \u017eivcev in mirnost svojih rok, medtem ko postaja stolp vse bolj majav. Igra se kon\u010da, ko se stolp zru\u0161i.<\/p>\n<p>Material: les &#8211; bor<br \/>\nDimenzije: 75 x 75 x 300 mm<\/p>\n<p>UPOZORENJE! Nije prikladno za djecu mla\u0111u od tri godine.<\/p>","protected":false},"excerpt":{"rendered":"<p>Barvna jenga je vznemirljiva spretnostna igra za vso dru\u017eino. Vsi igralni kosi so na za\u010detku igre zlo\u017eeni v stolp. Vsak igralec po vrsti odstrani kos s stolpa in ga postavi nazaj na vrh stolpa. Vsak igralec pred svojo potezo vr\u017ee kocko, katera dolo\u010di kak\u0161ne barve kos sme izvle\u010di. Igralci morajo dokazati mo\u010d svojih \u017eivcev in [&hellip;]<\/p>","protected":false},"featured_media":54397,"comment_status":"open","ping_status":"closed","template":"","meta":{"_seopress_robots_primary_cat":"none","_seopress_titles_title":"","_seopress_titles_desc":"","_seopress_robots_index":""},"product_brand":[],"product_cat":[677],"product_tag":[],"class_list":{"0":"post-54384","1":"product","2":"type-product","3":"status-publish","4":"has-post-thumbnail","6":"product_cat-druzabne-igre","8":"entry","9":"has-media","11":"first","12":"outofstock","13":"taxable","14":"shipping-taxable","15":"purchasable","16":"product-type-simple","17":"has-product-nav","18":"col","19":"span_1_of_4","20":"owp-content-center","21":"item-entry","22":"owp-thumbs-layout-horizontal","23":"owp-btn-normal","24":"owp-tabs-layout-section"},"wcpa_form_fields":null,"_links":{"self":[{"href":"https:\/\/chessgamesemporium.com\/hr\/wp-json\/wp\/v2\/product\/54384","targetHints":{"allow":["GET"]}}],"collection":[{"href":"https:\/\/chessgamesemporium.com\/hr\/wp-json\/wp\/v2\/product"}],"about":[{"href":"https:\/\/chessgamesemporium.com\/hr\/wp-json\/wp\/v2\/types\/product"}],"replies":[{"embeddable":true,"href":"https:\/\/chessgamesemporium.com\/hr\/wp-json\/wp\/v2\/comments?post=54384"}],"version-history":[{"count":0,"href":"https:\/\/chessgamesemporium.com\/hr\/wp-json\/wp\/v2\/product\/54384\/revisions"}],"wp:featuredmedia":[{"embeddable":true,"href":"https:\/\/chessgamesemporium.com\/hr\/wp-json\/wp\/v2\/media\/54397"}],"wp:attachment":[{"href":"https:\/\/chessgamesemporium.com\/hr\/wp-json\/wp\/v2\/media?parent=54384"}],"wp:term":[{"taxonomy":"product_brand","embeddable":true,"href":"https:\/\/chessgamesemporium.com\/hr\/wp-json\/wp\/v2\/product_brand?post=54384"},{"taxonomy":"product_cat","embeddable":true,"href":"https:\/\/chessgamesemporium.com\/hr\/wp-json\/wp\/v2\/product_cat?post=54384"},{"taxonomy":"product_tag","embeddable":true,"href":"https:\/\/chessgamesemporium.com\/hr\/wp-json\/wp\/v2\/product_tag?post=54384"}],"curies":[{"name":"wp","href":"https:\/\/api.w.org\/{rel}","templated":true}]}}