{"id":55150,"date":"2023-12-07T12:54:00","date_gmt":"2023-12-07T12:54:00","guid":{"rendered":"https:\/\/chessgamesemporium.com\/?post_type=product&#038;p=55150"},"modified":"2023-12-07T12:54:02","modified_gmt":"2023-12-07T12:54:02","slug":"mikado","status":"publish","type":"product","link":"https:\/\/chessgamesemporium.com\/hr\/shop\/druzabne-igre\/mikado\/","title":{"rendered":"Mikado"},"content":{"rendered":"<p>Mikado je svjetski poznata igra. Pravila su jednostavna, mo\u017eete odmah po\u010deti s igranjem.<\/p>\n<p>Pravila igre Mikado (prikupljanje \u0161tapi\u0107a):<\/p>\n<p>Ova igra zahtijeva mirno\u0107u, koncentraciju i naravno, vje\u0161tinu ruku.<\/p>\n<p>Jedan od igra\u010da uzme sve \u0161tapi\u0107e u \u0161aku, tako da \u0161tapi\u0107i stoje uspravno, a donji dio dodiruje stol. Zatim igra\u010d brzo otvori \u0161aku tako da \u0161tapi\u0107i padnu na stol. Igra\u010d mora prstima pokupiti \u0161tapi\u0107e jedan po jedan, bez pomicanja drugih \u0161tapi\u0107a. Ako se bilo koji drugi \u0161tapi\u0107 pomakne, igra\u010d gubi potez i sljede\u0107i je na redu. Ako pokupite \u0161tapi\u0107 Mikado (\u0161tapi\u0107 s plavom spiralom), mo\u017eete ga koristiti za prikupljanje ostalih \u0161tapi\u0107a. \u0160tapi\u0107i imaju razli\u010dite vrijednosti:<\/p>\n<table>\n<tbody>\n<tr>\n<td width=\"76\">Koli\u010dina<\/td>\n<td width=\"335\">\u0160tapi\u0107i<\/td>\n<td width=\"194\">Vrijednost \u0161tapi\u0107a<\/td>\n<\/tr>\n<tr>\n<td width=\"76\">1<\/td>\n<td width=\"335\">Mikado: Plava spirala<\/td>\n<td width=\"194\">20<\/td>\n<\/tr>\n<tr>\n<td width=\"76\">5<\/td>\n<td width=\"335\">Plava\/crvena\/plava<\/td>\n<td width=\"194\">10<\/td>\n<\/tr>\n<tr>\n<td width=\"76\">5<\/td>\n<td width=\"335\">Crvena\/plava\/crvena\/plava\/crvena<\/td>\n<td width=\"194\">5<\/td>\n<\/tr>\n<tr>\n<td width=\"76\">15<\/td>\n<td width=\"335\">Crvena\/\u017euta\/plava<\/td>\n<td width=\"194\">3<\/td>\n<\/tr>\n<tr>\n<td width=\"76\">15<\/td>\n<td width=\"335\">Crvena\/plava<\/td>\n<td width=\"194\">2<\/td>\n<\/tr>\n<tr>\n<td width=\"76\">&nbsp;<\/td>\n<td width=\"335\"><strong>Ukupno bodova<\/strong><\/td>\n<td width=\"194\"><strong>170<\/strong><\/td>\n<\/tr>\n<\/tbody>\n<\/table>","protected":false},"excerpt":{"rendered":"<p>Mikado je svetovno znana igra. Pravila so preprosta, z igro lahko za\u010dnete takoj. Pravila igre Mikado (pobiranje pali\u010dk): Ta igra zahteva, mirnost, koncentracijo in seveda ro\u010dne spretnosti. Eden od igralcev vzame vse pali\u010dke v dlan, tako da pali\u010dke stojijo pokonci, spodnji del pa se dotika mize. Nato igralec hitro razpre dlan, tako da pal\u010dke popadajo [&hellip;]<\/p>","protected":false},"featured_media":55156,"comment_status":"open","ping_status":"closed","template":"","meta":{"_seopress_robots_primary_cat":"","_seopress_titles_title":"","_seopress_titles_desc":"","_seopress_robots_index":""},"product_brand":[],"product_cat":[677],"product_tag":[],"class_list":{"0":"post-55150","1":"product","2":"type-product","3":"status-publish","4":"has-post-thumbnail","6":"product_cat-druzabne-igre","8":"entry","9":"has-media","11":"first","12":"instock","13":"taxable","14":"shipping-taxable","15":"purchasable","16":"product-type-variable","17":"has-product-nav","18":"col","19":"span_1_of_4","20":"owp-content-center","21":"item-entry","22":"owp-thumbs-layout-horizontal","23":"owp-btn-normal","24":"owp-tabs-layout-section","25":"has-no-thumbnails"},"wcpa_form_fields":null,"_links":{"self":[{"href":"https:\/\/chessgamesemporium.com\/hr\/wp-json\/wp\/v2\/product\/55150","targetHints":{"allow":["GET"]}}],"collection":[{"href":"https:\/\/chessgamesemporium.com\/hr\/wp-json\/wp\/v2\/product"}],"about":[{"href":"https:\/\/chessgamesemporium.com\/hr\/wp-json\/wp\/v2\/types\/product"}],"replies":[{"embeddable":true,"href":"https:\/\/chessgamesemporium.com\/hr\/wp-json\/wp\/v2\/comments?post=55150"}],"version-history":[{"count":0,"href":"https:\/\/chessgamesemporium.com\/hr\/wp-json\/wp\/v2\/product\/55150\/revisions"}],"wp:featuredmedia":[{"embeddable":true,"href":"https:\/\/chessgamesemporium.com\/hr\/wp-json\/wp\/v2\/media\/55156"}],"wp:attachment":[{"href":"https:\/\/chessgamesemporium.com\/hr\/wp-json\/wp\/v2\/media?parent=55150"}],"wp:term":[{"taxonomy":"product_brand","embeddable":true,"href":"https:\/\/chessgamesemporium.com\/hr\/wp-json\/wp\/v2\/product_brand?post=55150"},{"taxonomy":"product_cat","embeddable":true,"href":"https:\/\/chessgamesemporium.com\/hr\/wp-json\/wp\/v2\/product_cat?post=55150"},{"taxonomy":"product_tag","embeddable":true,"href":"https:\/\/chessgamesemporium.com\/hr\/wp-json\/wp\/v2\/product_tag?post=55150"}],"curies":[{"name":"wp","href":"https:\/\/api.w.org\/{rel}","templated":true}]}}