{"id":55231,"date":"2023-12-11T09:40:40","date_gmt":"2023-12-11T09:40:40","guid":{"rendered":"https:\/\/chessgamesemporium.com\/shop\/nekategorizirano\/54367-copy-2\/"},"modified":"2023-12-11T09:43:02","modified_gmt":"2023-12-11T09:43:02","slug":"54367-copy-2","status":"publish","type":"product","link":"https:\/\/chessgamesemporium.com\/hr\/shop\/misaone-igre\/drvene-pjenaste-misaone\/54367-copy-2\/","title":{"rendered":"Darilni komplet raznolikih igara"},"content":{"rendered":"<p>Ova kolekcija igara uklju\u010duje 5 razli\u010ditih zabavnih igara:<\/p>\n<p>Labirint: Ova fascinantna igra jako ovisi o va\u0161oj vje\u0161tini, strpljenju i sposobnostima. Mala \u017eeljezna kugla mora pro\u0107i kroz zadani put koji sadr\u017ei mnogo rupa. Ovisi o va\u0161oj vje\u0161tini kada premjestiti plo\u010du kako bi se kugla kotrljala kroz opasna podru\u010dja.<\/p>\n<p>Solitaire: Solitaire je igra za jednog igra\u010da. Igra se s plo\u010dom s 33 rupe. Igra po\u010dinje sa svim rupama zauzetim figurama osim jedne - sredi\u0161nje, koja je nezauzeta. Cilj igre je ukloniti sve igra\u010dke figure osim posljednje. Figure se preska\u010du vodoravno ili uspravno. Nakon svakog skoka uklanjamo presko\u010denu figuru.<\/p>\n<p>Drvena slagalica: Samo uz puno vje\u0161tine i pa\u017eljivog razmi\u0161ljanja uspjet \u0107ete rastaviti i ponovno sastaviti ovu slagalicu.<\/p>\n<p>Jenga: Svi igra\u010dki blokovi postavljeni su u toranj na po\u010detku igre. Svaki igra\u010d uklanja po jedan blok iz tornja i postavlja ga natrag na vrh tornja. Igra\u010di moraju pokazati snagu svojih \u017eivaca i mir ruku dok toranj postaje sve nestabilniji. Igra zavr\u0161ava kada toranj padne.<\/p>\n<p>Metalna slagalica: Cilj igre je rastaviti i ponovno sastaviti metalni \u010dvor.<\/p>\n<p>Sadr\u017eaj:<br \/>\n5 igara<\/p>\n<p>Materijal:<br \/>\nLabirint, Solitaire, drvena slagalica, Jenga: drvo<br \/>\nMetalni \u010dvor: metal<\/p>\n<p>Dimenzije: 320 x 265 x 75 mm<\/p>\n<p>UPOZORENJE! Nije prikladno za djecu mla\u0111u od tri godine.<\/p>","protected":false},"excerpt":{"rendered":"<p>Ta zbirka iger vklju\u010duje 5 razli\u010dnih zabavnih iger: Labirint: Ta fascinantna igra je zelo odvisna od va\u0161e lastne spretnosti, potrpe\u017eljivosti in sposobnosti. Majhna \u017eelezna krogla mora iti skozi dano pot, ki vsebuje veliko lukenj. Od va\u0161e spretnosti je odvisno, kdaj premakniti tablo, da se bo krogla kotalila skozi nevarna obmo\u010dja. Solitaire: Solitaire je igra za [&hellip;]<\/p>","protected":false},"featured_media":54374,"comment_status":"open","ping_status":"closed","template":"","meta":{"_seopress_robots_primary_cat":"none","_seopress_titles_title":"","_seopress_titles_desc":"","_seopress_robots_index":""},"product_brand":[],"product_cat":[663,616],"product_tag":[],"class_list":{"0":"post-55231","1":"product","2":"type-product","3":"status-publish","4":"has-post-thumbnail","6":"product_cat-lesene-penaste-miselne","7":"product_cat-miselne-igre","9":"entry","10":"has-media","12":"first","13":"instock","14":"taxable","15":"shipping-taxable","16":"purchasable","17":"product-type-simple","18":"has-product-nav","19":"col","20":"span_1_of_4","21":"owp-content-center","22":"item-entry","23":"owp-thumbs-layout-horizontal","24":"owp-btn-normal","25":"owp-tabs-layout-section"},"wcpa_form_fields":null,"_links":{"self":[{"href":"https:\/\/chessgamesemporium.com\/hr\/wp-json\/wp\/v2\/product\/55231","targetHints":{"allow":["GET"]}}],"collection":[{"href":"https:\/\/chessgamesemporium.com\/hr\/wp-json\/wp\/v2\/product"}],"about":[{"href":"https:\/\/chessgamesemporium.com\/hr\/wp-json\/wp\/v2\/types\/product"}],"replies":[{"embeddable":true,"href":"https:\/\/chessgamesemporium.com\/hr\/wp-json\/wp\/v2\/comments?post=55231"}],"version-history":[{"count":0,"href":"https:\/\/chessgamesemporium.com\/hr\/wp-json\/wp\/v2\/product\/55231\/revisions"}],"wp:featuredmedia":[{"embeddable":true,"href":"https:\/\/chessgamesemporium.com\/hr\/wp-json\/wp\/v2\/media\/54374"}],"wp:attachment":[{"href":"https:\/\/chessgamesemporium.com\/hr\/wp-json\/wp\/v2\/media?parent=55231"}],"wp:term":[{"taxonomy":"product_brand","embeddable":true,"href":"https:\/\/chessgamesemporium.com\/hr\/wp-json\/wp\/v2\/product_brand?post=55231"},{"taxonomy":"product_cat","embeddable":true,"href":"https:\/\/chessgamesemporium.com\/hr\/wp-json\/wp\/v2\/product_cat?post=55231"},{"taxonomy":"product_tag","embeddable":true,"href":"https:\/\/chessgamesemporium.com\/hr\/wp-json\/wp\/v2\/product_tag?post=55231"}],"curies":[{"name":"wp","href":"https:\/\/api.w.org\/{rel}","templated":true}]}}