{"id":55790,"date":"2024-02-07T08:46:40","date_gmt":"2024-02-07T08:46:40","guid":{"rendered":"https:\/\/chessgamesemporium.com\/?post_type=product&#038;p=55790"},"modified":"2026-03-06T13:06:30","modified_gmt":"2026-03-06T13:06:30","slug":"grandmaster-repertoire-1-e4-vs-the-sicilian-i","status":"publish","type":"product","link":"https:\/\/chessgamesemporium.com\/hr\/shop\/sahovske-knjige\/otvaranja\/grandmaster-repertoire-1-e4-vs-the-sicilian-i\/","title":{"rendered":"Grandmaster Repertoire \u2013 1.e4 vs The Sicilian I"},"content":{"rendered":"<p>Autor: Parimarjan Negi<br \/>\nGodina izdanja: 2015<br \/>\nJezik: Engelski<br \/>\nStranice: 360<br \/>\nFormat: 24 x 17 cm<br \/>\nNaslovna strana: Meka<\/p>\n<p>Od svog po\u010detka 2008. godine serija Grandmaster Repertoire stvorila je neke od najboljih otvaraju\u0107ih knjiga na svetu, ali elitni repertoar s 1.e4 uvijek je nedostajao - do sada.<\/p>\n<p>U ovom, drugom izdanju serije Grandmaster Repertoire - 1.e4, indijska superzvijezda Parimarjan Negi suo\u010dava se s najdorfskom varijantom i predstavlja svoj svjetski klasni repertoar s 6.Bg5. Autor, grade\u0107i na temeljima isku\u0161anih glavnih linija, otkriva mno\u0161tvo novih ideja protiv \"Poisoned Pawn\" i drugih kriti\u010dnih opcija crnog, \u010dine\u0107i ovo bitnim dodatkom knji\u017enici svakog ambicioznog igra\u010da.<\/p>","protected":false},"excerpt":{"rendered":"<p><a href=\"https:\/\/chessgamesemporium.com\/wp-content\/uploads\/2024\/02\/Negi_1e4_vs_the_Sicilian_One-excerpt.pdf\" target=\"_blank\" rel=\"noopener\">pdf uzorak<\/a><\/p>","protected":false},"featured_media":55807,"comment_status":"open","ping_status":"closed","template":"","meta":{"_seopress_robots_primary_cat":"none","_seopress_titles_title":"","_seopress_titles_desc":"","_seopress_robots_index":""},"product_brand":[],"product_cat":[605,512],"product_tag":[],"class_list":{"0":"post-55790","1":"product","2":"type-product","3":"status-publish","4":"has-post-thumbnail","6":"product_cat-otvoritve","7":"product_cat-sahovske-knjige","8":"pa_avtor-parimarjan-negi","9":"pa_glavna-linija-1-e4-c5-2-nf3","10":"pa_leto-izdaje-852","11":"pa_nivo-knjige-napredni","12":"pa_otvoritev-tema-sicilijanska","13":"pa_stran-oboje-nevtralno","14":"pa_tip-knjige-otvoritve","15":"pa_zalozba-quality-chess","17":"entry","18":"has-media","20":"first","21":"instock","22":"taxable","23":"shipping-taxable","24":"purchasable","25":"product-type-simple","26":"has-product-nav","27":"col","28":"span_1_of_4","29":"owp-content-center","30":"item-entry","31":"owp-thumbs-layout-horizontal","32":"owp-btn-normal","33":"owp-tabs-layout-section"},"wcpa_form_fields":null,"_links":{"self":[{"href":"https:\/\/chessgamesemporium.com\/hr\/wp-json\/wp\/v2\/product\/55790","targetHints":{"allow":["GET"]}}],"collection":[{"href":"https:\/\/chessgamesemporium.com\/hr\/wp-json\/wp\/v2\/product"}],"about":[{"href":"https:\/\/chessgamesemporium.com\/hr\/wp-json\/wp\/v2\/types\/product"}],"replies":[{"embeddable":true,"href":"https:\/\/chessgamesemporium.com\/hr\/wp-json\/wp\/v2\/comments?post=55790"}],"version-history":[{"count":0,"href":"https:\/\/chessgamesemporium.com\/hr\/wp-json\/wp\/v2\/product\/55790\/revisions"}],"wp:featuredmedia":[{"embeddable":true,"href":"https:\/\/chessgamesemporium.com\/hr\/wp-json\/wp\/v2\/media\/55807"}],"wp:attachment":[{"href":"https:\/\/chessgamesemporium.com\/hr\/wp-json\/wp\/v2\/media?parent=55790"}],"wp:term":[{"taxonomy":"product_brand","embeddable":true,"href":"https:\/\/chessgamesemporium.com\/hr\/wp-json\/wp\/v2\/product_brand?post=55790"},{"taxonomy":"product_cat","embeddable":true,"href":"https:\/\/chessgamesemporium.com\/hr\/wp-json\/wp\/v2\/product_cat?post=55790"},{"taxonomy":"product_tag","embeddable":true,"href":"https:\/\/chessgamesemporium.com\/hr\/wp-json\/wp\/v2\/product_tag?post=55790"}],"curies":[{"name":"wp","href":"https:\/\/api.w.org\/{rel}","templated":true}]}}