{"id":55960,"date":"2024-02-15T10:47:06","date_gmt":"2024-02-15T10:47:06","guid":{"rendered":"https:\/\/chessgamesemporium.com\/?post_type=product&#038;p=55960"},"modified":"2024-02-15T10:56:04","modified_gmt":"2024-02-15T10:56:04","slug":"komplet-od-10-klasicnih-igara","status":"publish","type":"product","link":"https:\/\/chessgamesemporium.com\/hr\/shop\/druzabne-igre\/komplet-od-10-klasicnih-igara\/","title":{"rendered":"Komplet od 10 klasi\u010dnih igara"},"content":{"rendered":"<p>Set od 10 klasi\u010dnih igara uklju\u010duje sljede\u0107e igre:<br \/>\n\u0161ah, backgammon, dame, mlin, igre s kockicama, domine, mikado, \u010dovje\u010de ne ljuti se i klasi\u010dne karte.<\/p>\n<p>Ovaj osnovni set nudi puno zabave za cijelu obitelj. Tako\u0111er je odli\u010dan izbor za ro\u0111endanski poklon. Postoji 10 igara navedenih u pravilima, naravno set nudi mnogo vi\u0161e!<\/p>\n<p>Sadr\u017eaj:<br \/>\n1 \u0161alica s kockicama, 1 duplikat kockica, 1 set igra\u0107ih karata, 2 plo\u010de za igranje ispisane s obje strane, 4 kockice, 15 tamnih \u017eetona za igru, 15 svijetlih \u017eetona za igru, 16 tamnih \u0161ahovskih figura, 16 svijetlih \u0161ahovskih figura, 16 figura za igru \u200b\u200b( 4 po boji), 28 domina, 41 mikado \u0161tapi\u0107, drvena kutija.<\/p>\n<p>Dimenzije: 235 \u00d7 235 \u00d7 60 mm<\/p>\n<p>UPOZORENJE! Nije prikladno za djecu mla\u0111u od tri godine.<\/p>","protected":false},"excerpt":{"rendered":"<p>V kompletu 10 klasi\u010dnih iger najdemo naslednje igre: \u0161ah, backgammon, damo, mlin, igre s kockami, domino, mikado, \u010dlovek ne jezi se in klasi\u010dne karte. Ta osnovni komplet ponuja veliko zabave za vso dru\u017eino. Je tudi odli\u010dna izbira za rojstnodnevno darilo. V pravilih je na\u0161tetih 10 iger, seveda jih komplet ponuja \u0161e mnogo ve\u010d! Vsebina: 1 [&hellip;]<\/p>","protected":false},"featured_media":55964,"comment_status":"open","ping_status":"closed","template":"","meta":{"_seopress_robots_primary_cat":"none","_seopress_titles_title":"","_seopress_titles_desc":"","_seopress_robots_index":""},"product_brand":[],"product_cat":[677],"product_tag":[],"class_list":{"0":"post-55960","1":"product","2":"type-product","3":"status-publish","4":"has-post-thumbnail","6":"product_cat-druzabne-igre","7":"wcpa_has_options","9":"entry","10":"has-media","12":"first","13":"instock","14":"taxable","15":"shipping-taxable","16":"purchasable","17":"product-type-simple","18":"has-product-nav","19":"col","20":"span_1_of_4","21":"owp-content-center","22":"item-entry","23":"owp-thumbs-layout-horizontal","24":"owp-btn-normal","25":"owp-tabs-layout-section"},"wcpa_form_fields":{"rules":{"pric_overide_base_price":false,"pric_overide_base_price_if_gt_zero":false,"pric_overide_base_price_fully":false,"pric_cal_option_once":false,"pric_use_as_fee":false,"bind_quantity":false,"quantity_bind_formula":false},"fields":[{"type":"text","elementId":"wcpa-text-1666713333654","label":"Gravura ( opcijsko )","description":"Vpi\u0161ite \u017eeljeni tekst za graviranje (npr. Vse najbolj\u0161e, IME, datum ipd.)","desc_type":true,"enablePrice":true,"pricingType":"fixed","price":"7","name":"text-1666713333654","fee_label":"Za naro\u010dnike izven eu, bo davek od\u0161tet na blagajni.","subtype":"text","maxlength":"16","cl_rule":"show","col":6,"relations":false,"form_id":46231,"form_rules":{"pric_cal_option_once":false,"exclude_from_discount":false,"pric_use_as_fee":false,"fee_label":"Fee","render_after_acb":false,"disp_hide_options_price":false}}]},"_links":{"self":[{"href":"https:\/\/chessgamesemporium.com\/hr\/wp-json\/wp\/v2\/product\/55960","targetHints":{"allow":["GET"]}}],"collection":[{"href":"https:\/\/chessgamesemporium.com\/hr\/wp-json\/wp\/v2\/product"}],"about":[{"href":"https:\/\/chessgamesemporium.com\/hr\/wp-json\/wp\/v2\/types\/product"}],"replies":[{"embeddable":true,"href":"https:\/\/chessgamesemporium.com\/hr\/wp-json\/wp\/v2\/comments?post=55960"}],"version-history":[{"count":0,"href":"https:\/\/chessgamesemporium.com\/hr\/wp-json\/wp\/v2\/product\/55960\/revisions"}],"wp:featuredmedia":[{"embeddable":true,"href":"https:\/\/chessgamesemporium.com\/hr\/wp-json\/wp\/v2\/media\/55964"}],"wp:attachment":[{"href":"https:\/\/chessgamesemporium.com\/hr\/wp-json\/wp\/v2\/media?parent=55960"}],"wp:term":[{"taxonomy":"product_brand","embeddable":true,"href":"https:\/\/chessgamesemporium.com\/hr\/wp-json\/wp\/v2\/product_brand?post=55960"},{"taxonomy":"product_cat","embeddable":true,"href":"https:\/\/chessgamesemporium.com\/hr\/wp-json\/wp\/v2\/product_cat?post=55960"},{"taxonomy":"product_tag","embeddable":true,"href":"https:\/\/chessgamesemporium.com\/hr\/wp-json\/wp\/v2\/product_tag?post=55960"}],"curies":[{"name":"wp","href":"https:\/\/api.w.org\/{rel}","templated":true}]}}