{"id":56531,"date":"2024-03-25T10:59:51","date_gmt":"2024-03-25T10:59:51","guid":{"rendered":"https:\/\/chessgamesemporium.com\/?post_type=product&#038;p=56531"},"modified":"2024-03-26T09:03:14","modified_gmt":"2024-03-26T09:03:14","slug":"sah-zanimljiva-igra","status":"publish","type":"product","link":"https:\/\/chessgamesemporium.com\/hr\/shop\/svi-proizvodi\/sah-zanimljiva-igra\/","title":{"rendered":"\u0160AH ZANIMLJIVA IGRA"},"content":{"rendered":"<p>Autor: V.N. Panov<br \/>\nGodina izdanja: 2005<br \/>\nJezik: srpski<br \/>\nStranice: 75<br \/>\nFormat: 21,0 x 14,8 cm<br \/>\nNaslovna strana: Meka<\/p>\n<p>\u0160AH ZANIMLJIVA IGRA je \u0161ahovska po\u010detnica namijenjena po\u010detnicima koji ve\u0107 znaju igrati \u0161ah, kao i \u0161ahovskim edukatorima.<br \/>\nU knjizi u\u010dimo o svakoj figuri pojedina\u010dno, kao io nekim osnovnim matovima, endgameima i principima otvaranja igre.<\/p>","protected":false},"excerpt":{"rendered":"<p>Avtor: V.N. Panov Leto izdaje: 2005 Jezik: Srbski \u0160t. strani: 75 Format: 21,0 x 14,8 cm Platnice: mehke \u0160AH ZANIMLJIVA IGRA je \u0161ahovska za\u010detnica namenjena za\u010detnikom, ki \u017ee znajo igrati \u0161ah ter \u0161ahovskim pedagogom. V knjigi spoznamo vsako figuro posebej, kakor tudi nekaj osnovnih matov, kon\u010dnic in principov igre v otvoritvi.<\/p>","protected":false},"featured_media":56534,"comment_status":"open","ping_status":"closed","template":"","meta":{"_seopress_robots_primary_cat":"none","_seopress_titles_title":"","_seopress_titles_desc":"","_seopress_robots_index":""},"product_brand":[],"product_cat":[194],"product_tag":[],"class_list":{"0":"post-56531","1":"product","2":"type-product","3":"status-publish","4":"has-post-thumbnail","6":"product_cat-vsi-izdelki","8":"entry","9":"has-media","11":"first","12":"instock","13":"taxable","14":"shipping-taxable","15":"purchasable","16":"product-type-simple","17":"has-product-nav","18":"col","19":"span_1_of_4","20":"owp-content-center","21":"item-entry","22":"owp-thumbs-layout-horizontal","23":"owp-btn-normal","24":"owp-tabs-layout-section","25":"has-no-thumbnails"},"wcpa_form_fields":null,"_links":{"self":[{"href":"https:\/\/chessgamesemporium.com\/hr\/wp-json\/wp\/v2\/product\/56531","targetHints":{"allow":["GET"]}}],"collection":[{"href":"https:\/\/chessgamesemporium.com\/hr\/wp-json\/wp\/v2\/product"}],"about":[{"href":"https:\/\/chessgamesemporium.com\/hr\/wp-json\/wp\/v2\/types\/product"}],"replies":[{"embeddable":true,"href":"https:\/\/chessgamesemporium.com\/hr\/wp-json\/wp\/v2\/comments?post=56531"}],"version-history":[{"count":0,"href":"https:\/\/chessgamesemporium.com\/hr\/wp-json\/wp\/v2\/product\/56531\/revisions"}],"wp:featuredmedia":[{"embeddable":true,"href":"https:\/\/chessgamesemporium.com\/hr\/wp-json\/wp\/v2\/media\/56534"}],"wp:attachment":[{"href":"https:\/\/chessgamesemporium.com\/hr\/wp-json\/wp\/v2\/media?parent=56531"}],"wp:term":[{"taxonomy":"product_brand","embeddable":true,"href":"https:\/\/chessgamesemporium.com\/hr\/wp-json\/wp\/v2\/product_brand?post=56531"},{"taxonomy":"product_cat","embeddable":true,"href":"https:\/\/chessgamesemporium.com\/hr\/wp-json\/wp\/v2\/product_cat?post=56531"},{"taxonomy":"product_tag","embeddable":true,"href":"https:\/\/chessgamesemporium.com\/hr\/wp-json\/wp\/v2\/product_tag?post=56531"}],"curies":[{"name":"wp","href":"https:\/\/api.w.org\/{rel}","templated":true}]}}