{"id":57129,"date":"2024-05-28T10:37:07","date_gmt":"2024-05-28T10:37:07","guid":{"rendered":"https:\/\/chessgamesemporium.com\/?post_type=product&#038;p=57129"},"modified":"2026-03-12T08:10:16","modified_gmt":"2026-03-12T08:10:16","slug":"master-your-chess-with-judit-polgar","status":"publish","type":"product","link":"https:\/\/chessgamesemporium.com\/hr\/shop\/sahovske-knjige\/strategija-i-taktika\/master-your-chess-with-judit-polgar\/","title":{"rendered":"MASTER YOUR CHESS WITH JUDIT POLGAR"},"content":{"rendered":"<p>Autor: Judit Polg\u00e1r, Andras Toth<br \/>\nGodina izdanja: 2022<br \/>\nJezik: Engelski<br \/>\nStranice: 508<br \/>\nFormat: 24,2 x 18 cm<br \/>\nNaslovna stran: tvrda<\/p>\n<p>Pri\u010da sestara Polgar je izuzetna. Ideja da bi Laszlo Polgar, prosje\u010dan \u0161ahist, mogao odlu\u010diti da \u0107e svoju djecu pretvoriti u \u0161ahovske genije i zatim uspjeti iznad svojih najlu\u0111ih snova, nevjerojatna je.<\/p>\n<p>Ukazuje na to da je s pravim treningom sve mogu\u0107e.<\/p>\n<p>U ovoj knjizi Judit Polgar, najja\u010da od tri sestre i biv\u0161a igra\u010dica me\u0111u top 10 na svijetu, otkriva neke tajne svog uspjeha. Zajedno s nagra\u0111ivanim trenerom, me\u0111unarodnim majstorom Andrasom Tothom, kreirala je te\u010daj koji se temelji na obuci koju je primala kao mlada igra\u010dica. Kao da imate privatnu lekciju jednog od najboljih igra\u010da na svijetu.<\/p>\n<p>Nau\u010dit \u0107ete kako kazniti tri naj\u010de\u0161\u0107e gre\u0161ke u otvaranju, kako uo\u010diti skrivene takti\u010dke prilike i kako prisiliti protivnika da oslabi svoju poziciju. Razumjet \u0107ete kako ovladati jednom od najte\u017eih vje\u0161tina u \u0161ahu: preuzeti inicijativu. I prona\u0107i \u0107ete alate koji \u0107e vas pretvoriti u dobro podmazan, zloban, napada\u010dki stroj.<\/p>\n<p>Master Your Chess s Judit Polgar pokriva sve aspekte igre: od otvaranja do zavr\u0161nica. Priru\u010dnik je dostupan kako ambicioznim po\u010detnicima, koji \u017eele svoj \u0161ahovski razvoj graditi na \u010dvrstim temeljima, tako i igra\u010dima s ve\u0107 nekim predznanjem koji \u017eele napredovati.<\/p>\n<p>&nbsp;<\/p>\n<p>Nitko nije rekao da je ovladavanje \u0161ahom lako! No, uz podr\u0161ku velemajstorice Judit Polgar i me\u0111unarodnog majstora Totha, nau\u010dit \u0107ete ovladati svojim \u0161ahom i napadati kao prava \u0161ahovska legenda.<\/p>","protected":false},"excerpt":{"rendered":"<p>Avtor: Judit Polg\u00e1r, Andras Toth Leto izdaje: 2022 Jezik: Angle\u0161ki \u0160t. strani: 508 Format: 24,2 x 18 cm Platnice: trde Zgodba sester Polgar je izjemna. Zamisel, da bi se lahko Laszlo Polgar, povpre\u010den \u0161ahist, odlo\u010dil, da bo svoje otroke spremenil v \u0161ahovske genije, in nato uspel nad njegovimi najbolj norimi sanjami, je neverjetna. Nakazuje, da [&hellip;]<\/p>","protected":false},"featured_media":57134,"comment_status":"open","ping_status":"closed","template":"","meta":{"_seopress_robots_primary_cat":"none","_seopress_titles_title":"","_seopress_titles_desc":"","_seopress_robots_index":""},"product_brand":[],"product_cat":[512,608],"product_tag":[],"class_list":{"0":"post-57129","1":"product","2":"type-product","3":"status-publish","4":"has-post-thumbnail","6":"product_cat-sahovske-knjige","7":"product_cat-strategija-in-taktika","8":"pa_avtor-andras-toth","9":"pa_avtor-judit-polgar","10":"pa_leto-izdaje-747","11":"pa_nivo-knjige-srednji","12":"pa_stran-oboje-nevtralno","13":"pa_tip-knjige-trening-vaje","14":"pa_zalozba-new-in-chess","16":"entry","17":"has-media","19":"first","20":"instock","21":"taxable","22":"shipping-taxable","23":"purchasable","24":"product-type-simple","25":"has-product-nav","26":"col","27":"span_1_of_4","28":"owp-content-center","29":"item-entry","30":"owp-thumbs-layout-horizontal","31":"owp-btn-normal","32":"owp-tabs-layout-section","33":"has-no-thumbnails"},"wcpa_form_fields":null,"_links":{"self":[{"href":"https:\/\/chessgamesemporium.com\/hr\/wp-json\/wp\/v2\/product\/57129","targetHints":{"allow":["GET"]}}],"collection":[{"href":"https:\/\/chessgamesemporium.com\/hr\/wp-json\/wp\/v2\/product"}],"about":[{"href":"https:\/\/chessgamesemporium.com\/hr\/wp-json\/wp\/v2\/types\/product"}],"replies":[{"embeddable":true,"href":"https:\/\/chessgamesemporium.com\/hr\/wp-json\/wp\/v2\/comments?post=57129"}],"version-history":[{"count":0,"href":"https:\/\/chessgamesemporium.com\/hr\/wp-json\/wp\/v2\/product\/57129\/revisions"}],"wp:featuredmedia":[{"embeddable":true,"href":"https:\/\/chessgamesemporium.com\/hr\/wp-json\/wp\/v2\/media\/57134"}],"wp:attachment":[{"href":"https:\/\/chessgamesemporium.com\/hr\/wp-json\/wp\/v2\/media?parent=57129"}],"wp:term":[{"taxonomy":"product_brand","embeddable":true,"href":"https:\/\/chessgamesemporium.com\/hr\/wp-json\/wp\/v2\/product_brand?post=57129"},{"taxonomy":"product_cat","embeddable":true,"href":"https:\/\/chessgamesemporium.com\/hr\/wp-json\/wp\/v2\/product_cat?post=57129"},{"taxonomy":"product_tag","embeddable":true,"href":"https:\/\/chessgamesemporium.com\/hr\/wp-json\/wp\/v2\/product_tag?post=57129"}],"curies":[{"name":"wp","href":"https:\/\/api.w.org\/{rel}","templated":true}]}}