{"id":57136,"date":"2024-05-28T11:13:47","date_gmt":"2024-05-28T11:13:47","guid":{"rendered":"https:\/\/chessgamesemporium.com\/?post_type=product&#038;p=57136"},"modified":"2026-03-12T07:34:21","modified_gmt":"2026-03-12T07:34:21","slug":"technique-in-chess","status":"publish","type":"product","link":"https:\/\/chessgamesemporium.com\/hr\/shop\/sahovske-knjige\/konacnice\/technique-in-chess\/","title":{"rendered":"TECHNIQUE IN CHESS"},"content":{"rendered":"<p>Avtor: Artur Yusupov, Mark Dvoretsky<br \/>\nGodina izdanja: 2023<br \/>\nJezik: Engelski<br \/>\nStranice: 176<br \/>\nFormat: 24 x 17 cm<br \/>\nNaslovna strana: Meka<\/p>\n<p>\u201cOstalo je samo stvar tehnike ...\u201d<\/p>\n<p>Koliko \u010desto je taj komentar bio dodan potezu ili varijanti? Kao \u0161to mnogi igra\u010di znaju, mo\u017eda zaista nije tako lako doku\u010diti \u0161to zna\u010di ta poznata fraza.<\/p>\n<p>Nakon prerane smrti legendarnog trenera Marka Dvoretskog, Artur Jusupov je dobio pristup slavnim bilje\u0161kama Dvoretskog. S centralnim materijalom temeljenim na tim dokumentima, vjerojatno najbolji Dvoretskyjev u\u010denik sastavio je ovu knjigu, pri \u010demu je sadr\u017eaj po potrebi mijenjao i usavr\u0161avao.<\/p>\n<p>Knjiga po\u010dinje s \u201cteoretskim\u201d dijelom. Slijedi 102 pozicije koje se postepeno pove\u0107avaju po te\u017eini. Dobra tehnika je korisna u svim dijelovima igre, tako da \u0107ete se susresti s pozicijama iz otvaranja, sredi\u0161njice i posebice zavr\u0161nica (ne samo prakti\u010dni primjeri, ve\u0107 i studije).<\/p>\n<p>Komentari na rje\u0161enja su vrlo detaljni i ne obja\u0161njavaju samo glavne linije, nego i dodatne varijante. Jusupovu se \u010dinilo va\u017enim pokazati logiku u tra\u017eenju odluke i pokazati kako \u0161ahist mo\u017ee do\u0107i do pravih zaklju\u010daka za plo\u010dom.<\/p>\n<p>U\u010denik Dvoretskog, Artur Jusupov, obavio je izvrstan posao u izboru i predstavljanju materijala, tako da se ova knjiga \u201cosje\u0107a\u201d kao jo\u0161 jedno autenti\u010dno djelo Dvoretskog.<\/p>\n<p>Ova knjiga je pravi dragulj i nadam se da \u0107e vam pru\u017eiti jednako zadovoljstvo kao i meni. I da \u0107e od sada, kada budete u prednosti, ostalo zaista biti stvar tehnike... Iz predgovora velemajstora dr. Karstena M\u00fcllera.<\/p>","protected":false},"excerpt":{"rendered":"<p>Avtor: Artur Yusupov, Mark Dvoretsky Leto izdaje: 2023 Jezik: Angle\u0161ki \u0160t. strani: 176 Format: 24 x 17 cm Platnice: mehke &#8220;Ostalo je le stvar tehnike &#8230;&#8221; Kako pogosto je bil ta komentar dodan potezi ali varianti? Kot mnogi igralci vedo, morda res ni tako enostavno ugotoviti, kaj pomeni ta znana fraza. Po prezgodnji smrti legendarnega [&hellip;]<\/p>","protected":false},"featured_media":57139,"comment_status":"open","ping_status":"closed","template":"","meta":{"_seopress_robots_primary_cat":"none","_seopress_titles_title":"","_seopress_titles_desc":"","_seopress_robots_index":""},"product_brand":[],"product_cat":[609,512],"product_tag":[],"class_list":{"0":"post-57136","1":"product","2":"type-product","3":"status-publish","4":"has-post-thumbnail","6":"product_cat-koncnice","7":"product_cat-sahovske-knjige","8":"pa_avtor-artur-yusupov","9":"pa_avtor-mark-dvoretsky","10":"pa_leto-izdaje-989","11":"pa_nivo-knjige-napredni","12":"pa_stran-oboje-nevtralno","13":"pa_tip-knjige-srednja-igra-strategija","14":"pa_zalozba-quality-chess","16":"entry","17":"has-media","19":"first","20":"instock","21":"taxable","22":"shipping-taxable","23":"purchasable","24":"product-type-simple","25":"has-product-nav","26":"col","27":"span_1_of_4","28":"owp-content-center","29":"item-entry","30":"owp-thumbs-layout-horizontal","31":"owp-btn-normal","32":"owp-tabs-layout-section","33":"has-no-thumbnails"},"wcpa_form_fields":null,"_links":{"self":[{"href":"https:\/\/chessgamesemporium.com\/hr\/wp-json\/wp\/v2\/product\/57136","targetHints":{"allow":["GET"]}}],"collection":[{"href":"https:\/\/chessgamesemporium.com\/hr\/wp-json\/wp\/v2\/product"}],"about":[{"href":"https:\/\/chessgamesemporium.com\/hr\/wp-json\/wp\/v2\/types\/product"}],"replies":[{"embeddable":true,"href":"https:\/\/chessgamesemporium.com\/hr\/wp-json\/wp\/v2\/comments?post=57136"}],"version-history":[{"count":0,"href":"https:\/\/chessgamesemporium.com\/hr\/wp-json\/wp\/v2\/product\/57136\/revisions"}],"wp:featuredmedia":[{"embeddable":true,"href":"https:\/\/chessgamesemporium.com\/hr\/wp-json\/wp\/v2\/media\/57139"}],"wp:attachment":[{"href":"https:\/\/chessgamesemporium.com\/hr\/wp-json\/wp\/v2\/media?parent=57136"}],"wp:term":[{"taxonomy":"product_brand","embeddable":true,"href":"https:\/\/chessgamesemporium.com\/hr\/wp-json\/wp\/v2\/product_brand?post=57136"},{"taxonomy":"product_cat","embeddable":true,"href":"https:\/\/chessgamesemporium.com\/hr\/wp-json\/wp\/v2\/product_cat?post=57136"},{"taxonomy":"product_tag","embeddable":true,"href":"https:\/\/chessgamesemporium.com\/hr\/wp-json\/wp\/v2\/product_tag?post=57136"}],"curies":[{"name":"wp","href":"https:\/\/api.w.org\/{rel}","templated":true}]}}