{"id":57533,"date":"2024-06-12T11:22:09","date_gmt":"2024-06-12T11:22:09","guid":{"rendered":"https:\/\/chessgamesemporium.com\/?post_type=product&#038;p=57533"},"modified":"2026-04-03T08:22:53","modified_gmt":"2026-04-03T08:22:53","slug":"plasticne-sahovske-figure-staunton-elegant","status":"publish","type":"product","link":"https:\/\/chessgamesemporium.com\/hr\/shop\/sahovske-figure\/plasticne-figure\/plasticne-sahovske-figure-staunton-elegant\/","title":{"rendered":"Plasti\u010dne \u0160ahovske Figure STAUNTON ELEGANT"},"content":{"rendered":"<p>Podloga: Filc<br \/>\nMaterijal: Plastika<br \/>\nBoja: Imitacija drvenih \u0161ahovskih figura<\/p>\n<p><b>Dimenzije: (visina figure | promjer baze)<\/b><br \/>\nKralj: 9,7 cm | 3,7 cm<br \/>\nDama: 8,2 cm | 3,6 cm<br \/>\nTop: 5,5 cm | 3,3 cm<br \/>\nLovac: 7,5 cm | 3,5 cm<br \/>\nSkaka\u010d: 7,2 cm | 3,5 cm<br \/>\nKmet: 4,8 cm | 2,8 cm<\/p>\n<p data-start=\"457\" data-end=\"866\">Set plasti\u010dnih \u0161ahovskih figura Staunton Elegant spaja klasi\u010dni dizajn s modernom funkcionalno\u0161\u0107u. Temeljen na tradicionalnom Staunton modelu, ovaj set nudi elegantnu estetiku i glatko igranje. Figure su utegnute i imaju podloge od filca, \u0161to omogu\u0107uje stabilnost i glatko kretanje. Kvalitetna plastika \u010dini ove figure izdr\u017eljivima i upotrebljivima dugo vremena.<\/p>\n<p data-start=\"868\" data-end=\"885\"><strong data-start=\"868\" data-end=\"883\">Idealno za:<\/strong><\/p>\n<ul data-start=\"886\" data-end=\"1015\">\n<li data-start=\"886\" data-end=\"914\">\n<p data-start=\"888\" data-end=\"914\">Turnirske i \u0161kolske igre<\/p>\n<\/li>\n<li data-start=\"915\" data-end=\"971\">\n<p data-start=\"917\" data-end=\"971\">Kolekcionare i ljubitelje klasi\u010dnih \u0161ahovskih dizajna<\/p>\n<\/li>\n<li data-start=\"972\" data-end=\"1015\">\n<p data-start=\"974\" data-end=\"1015\">Igra\u010de koji cijene stabilnost i estetiku<\/p>\n<\/li>\n<\/ul>\n<p>UPOZORENJE! Nije prikladno za djecu mla\u0111u od tri godine.<\/p>","protected":false},"excerpt":{"rendered":"<p>Podlaga: Podlo\u017eene s filcem Material: plastika Barva: Imitacija lesenih \u0161ahovskih figur Dimenzije: (vi\u0161ina figure | premer podlage) Kralj: 9,7 cm | 3,7 cm Dama: 8,2 cm | 3,6 cm Top: 5,5 cm | 3,3 cm Lovec: 7,5 cm | 3,5 cm Skaka\u010d: 7,2 cm | 3,5 cm Kmet: 4,8 cm | 2,8 cm Komplet plasti\u010dnih [&hellip;]<\/p>","protected":false},"featured_media":58187,"comment_status":"open","ping_status":"closed","template":"","meta":{"_seopress_robots_primary_cat":"none","_seopress_titles_title":"","_seopress_titles_desc":"","_seopress_robots_index":""},"product_brand":[],"product_cat":[511,521],"product_tag":[],"class_list":{"0":"post-57533","1":"product","2":"type-product","3":"status-publish","4":"has-post-thumbnail","6":"product_cat-sahovske-figure","7":"product_cat-plasticne-figure","9":"entry","10":"has-media","12":"first","13":"instock","14":"taxable","15":"shipping-taxable","16":"purchasable","17":"product-type-simple","18":"has-product-nav","19":"col","20":"span_1_of_4","21":"owp-content-center","22":"item-entry","23":"owp-thumbs-layout-horizontal","24":"owp-btn-normal","25":"owp-tabs-layout-section","26":"has-no-thumbnails"},"wcpa_form_fields":null,"_links":{"self":[{"href":"https:\/\/chessgamesemporium.com\/hr\/wp-json\/wp\/v2\/product\/57533","targetHints":{"allow":["GET"]}}],"collection":[{"href":"https:\/\/chessgamesemporium.com\/hr\/wp-json\/wp\/v2\/product"}],"about":[{"href":"https:\/\/chessgamesemporium.com\/hr\/wp-json\/wp\/v2\/types\/product"}],"replies":[{"embeddable":true,"href":"https:\/\/chessgamesemporium.com\/hr\/wp-json\/wp\/v2\/comments?post=57533"}],"version-history":[{"count":0,"href":"https:\/\/chessgamesemporium.com\/hr\/wp-json\/wp\/v2\/product\/57533\/revisions"}],"wp:featuredmedia":[{"embeddable":true,"href":"https:\/\/chessgamesemporium.com\/hr\/wp-json\/wp\/v2\/media\/58187"}],"wp:attachment":[{"href":"https:\/\/chessgamesemporium.com\/hr\/wp-json\/wp\/v2\/media?parent=57533"}],"wp:term":[{"taxonomy":"product_brand","embeddable":true,"href":"https:\/\/chessgamesemporium.com\/hr\/wp-json\/wp\/v2\/product_brand?post=57533"},{"taxonomy":"product_cat","embeddable":true,"href":"https:\/\/chessgamesemporium.com\/hr\/wp-json\/wp\/v2\/product_cat?post=57533"},{"taxonomy":"product_tag","embeddable":true,"href":"https:\/\/chessgamesemporium.com\/hr\/wp-json\/wp\/v2\/product_tag?post=57533"}],"curies":[{"name":"wp","href":"https:\/\/api.w.org\/{rel}","templated":true}]}}