{"id":57663,"date":"2024-07-19T09:04:40","date_gmt":"2024-07-19T09:04:40","guid":{"rendered":"https:\/\/chessgamesemporium.com\/?post_type=product&#038;p=57663"},"modified":"2026-01-07T08:38:55","modified_gmt":"2026-01-07T08:38:55","slug":"sahovska-garnitura-grand-royal","status":"publish","type":"product","link":"https:\/\/chessgamesemporium.com\/hr\/shop\/sahovski-kompleti\/sklopivi-setovi\/sahovska-garnitura-grand-royal\/","title":{"rendered":"\u0160AHOVSKA GARNITURA GRAND ROYAL"},"content":{"rendered":"<p>Figure: Drvene, podlo\u017eene, lakirane, s ugraviranim dizajnom.<br \/>\nMaterijal: Grab<\/p>\n<p>Dimenzije: (visina figure | promjer baze)<br \/>\nKralj: 8,5 cm | 3,3 cm<br \/>\nDama: 6,6 cm | 3,2 cm<br \/>\nTop: 5 cm | 3,2 cm<br \/>\nLovac: 6,5 cm | 3,3 cm<br \/>\nSkaka\u010d: 6,0 cm | 3,2 cm<br \/>\nPje\u0161ak: 4,8 cm | 3,0 cm<\/p>\n<p>\u0160ahovnica - sklopiva drvena \u0161ahovska plo\u010da<br \/>\nLepr\u0161avi dizajn, unutar \u0161ablone za pohranu figura.<\/p>\n<p>Dimenzije polja: 5,0 x 5,0 cm<br \/>\nDimenzije \u0161ahovnice (zatvorene): 47 x 23,5 x 5 cm<\/p>\n<p>Preklopni set Grand Royal najnoviji je proizvod iz na\u0161e dekorativne serije. Dekorativne figure izra\u0111ene su od bijelog graba. Ba\u0161 kao i figure, na \u0161ahovskoj plo\u010di su uklesani dekorativni dodaci. Unutra \u0161ahovske plo\u010de nalazi se \u0161ablona u koju se ume\u0107u \u0161ahovske figure.<br \/>\nSet uklju\u010duje dodatne dame.<\/p>\n<p>UPOZORENJE! Nije prikladno za djecu mla\u0111u od tri godine.<\/p>","protected":false},"excerpt":{"rendered":"<p>Figure: lesene, podlo\u017eene, lakirane, v\u017egan dizajn Material figur: Gaber Dimenzije: (vi\u0161ina figure| premer podlage) Kralj: 8,5 cm | 3,3 cm Dama: 6,6 cm | 3,2 cm Top: 5 cm | 3,2 cm Lovec: 6,5 cm | 3,3 cm Skaka\u010d: 6,0 cm | 3,2 cm Kmet: 4,8 cm | 3,0 cm \u0160ahovnica \u2013 preklopna lesena \u0161ahovska [&hellip;]<\/p>","protected":false},"featured_media":57666,"comment_status":"open","ping_status":"closed","template":"","meta":{"_seopress_robots_primary_cat":"none","_seopress_titles_title":"","_seopress_titles_desc":"","_seopress_robots_index":""},"product_brand":[],"product_cat":[510,518],"product_tag":[],"class_list":{"0":"post-57663","1":"product","2":"type-product","3":"status-publish","4":"has-post-thumbnail","6":"product_cat-sahovski-kompleti","7":"product_cat-zlozljive-garniture","9":"entry","10":"has-media","12":"first","13":"instock","14":"taxable","15":"shipping-taxable","16":"purchasable","17":"product-type-simple","18":"has-product-nav","19":"col","20":"span_1_of_4","21":"owp-content-center","22":"item-entry","23":"owp-thumbs-layout-horizontal","24":"owp-btn-normal","25":"owp-tabs-layout-section"},"wcpa_form_fields":null,"_links":{"self":[{"href":"https:\/\/chessgamesemporium.com\/hr\/wp-json\/wp\/v2\/product\/57663","targetHints":{"allow":["GET"]}}],"collection":[{"href":"https:\/\/chessgamesemporium.com\/hr\/wp-json\/wp\/v2\/product"}],"about":[{"href":"https:\/\/chessgamesemporium.com\/hr\/wp-json\/wp\/v2\/types\/product"}],"replies":[{"embeddable":true,"href":"https:\/\/chessgamesemporium.com\/hr\/wp-json\/wp\/v2\/comments?post=57663"}],"version-history":[{"count":0,"href":"https:\/\/chessgamesemporium.com\/hr\/wp-json\/wp\/v2\/product\/57663\/revisions"}],"wp:featuredmedia":[{"embeddable":true,"href":"https:\/\/chessgamesemporium.com\/hr\/wp-json\/wp\/v2\/media\/57666"}],"wp:attachment":[{"href":"https:\/\/chessgamesemporium.com\/hr\/wp-json\/wp\/v2\/media?parent=57663"}],"wp:term":[{"taxonomy":"product_brand","embeddable":true,"href":"https:\/\/chessgamesemporium.com\/hr\/wp-json\/wp\/v2\/product_brand?post=57663"},{"taxonomy":"product_cat","embeddable":true,"href":"https:\/\/chessgamesemporium.com\/hr\/wp-json\/wp\/v2\/product_cat?post=57663"},{"taxonomy":"product_tag","embeddable":true,"href":"https:\/\/chessgamesemporium.com\/hr\/wp-json\/wp\/v2\/product_tag?post=57663"}],"curies":[{"name":"wp","href":"https:\/\/api.w.org\/{rel}","templated":true}]}}