{"id":57767,"date":"2024-09-03T08:57:43","date_gmt":"2024-09-03T08:57:43","guid":{"rendered":"https:\/\/chessgamesemporium.com\/?post_type=product&#038;p=57767"},"modified":"2026-04-21T11:15:30","modified_gmt":"2026-04-21T11:15:30","slug":"playing-the-nimzo-indian","status":"publish","type":"product","link":"https:\/\/chessgamesemporium.com\/hr\/shop\/sahovske-knjige\/otvaranja\/playing-the-nimzo-indian\/","title":{"rendered":"Playing the Nimzo-Indian"},"content":{"rendered":"<p>Autor: Renier Castellanos<br \/>\nGodina izdanja: 2024<br \/>\nJezik: Engelski<br \/>\nStranice: 440<br \/>\nFormat: 24,0 x 17,0 cm<br \/>\nNaslovna strana: Meka<\/p>\n<p>Nimcovicheva indijska obrana idealno je oru\u017eje za crnog na svim razinama. Popularan vi\u0161e od jednog stolje\u0107a zbog svoje pozicione \u010dvrsto\u0107e, do\u017eivio je revoluciju posljednjih godina jer moderna analiza sve vi\u0161e nagla\u0161ava njegov dinami\u010dki potencijal.<\/p>\n<p>Igranje Nimcoviceve indijske obrane nudi potpuni repertoar za crnog nakon 1.d4 Nf6 2.c4 e6 3.Sc3 Lb4, s aktivnim, protunapadnim naglaskom na izbor varijanti.<\/p>\n<p>S vrhunskom analizom, vi\u0161estrukim inovacijama i detaljnim obja\u0161njenjima shema i koncepata, Playing the Nimzo-Indian nudi sve \u0161to vam je potrebno da nau\u010dite i uspje\u0161no igrate Nimcovichevu indijansku obranu.<\/p>","protected":false},"excerpt":{"rendered":"<p><a href=\"https:\/\/chessgamesemporium.com\/wp-content\/uploads\/2024\/09\/Playing-the-Nimzo-Indian-Excerpt.pdf\">pdf uzorak<\/a><\/p>","protected":false},"featured_media":57774,"comment_status":"open","ping_status":"closed","template":"","meta":{"_seopress_robots_primary_cat":"none","_seopress_titles_title":"Playing the Nimzo-Indian \u2013 \u0161ahovska knjiga otvoritev | ChessGamesEmporium","_seopress_titles_desc":"\u0160ahovska knjiga o Nimzo-indijski obrambi z idejami, planiranjem in repertoarjem. Pomaga razviti trdno in dinami\u010dno igro proti 1.d4.","_seopress_robots_index":""},"product_brand":[],"product_cat":[605,512],"product_tag":[],"class_list":{"0":"post-57767","1":"product","2":"type-product","3":"status-publish","4":"has-post-thumbnail","6":"product_cat-otvoritve","7":"product_cat-sahovske-knjige","8":"pa_avtor-renier-castellanos","9":"pa_glavna-linija-1-d4-nf6-2-c4-e6-3-nc3-bb4","10":"pa_leto-izdaje-1023","11":"pa_nivo-knjige-srednji","12":"pa_otvoritev-tema-nimzo-indijka","13":"pa_stran-oboje-nevtralno","14":"pa_tip-knjige-otvoritve","15":"pa_zalozba-quality-chess","17":"entry","18":"has-media","20":"first","21":"instock","22":"taxable","23":"shipping-taxable","24":"purchasable","25":"product-type-simple","26":"has-product-nav","27":"col","28":"span_1_of_4","29":"owp-content-center","30":"item-entry","31":"owp-thumbs-layout-horizontal","32":"owp-btn-normal","33":"owp-tabs-layout-section"},"wcpa_form_fields":null,"_links":{"self":[{"href":"https:\/\/chessgamesemporium.com\/hr\/wp-json\/wp\/v2\/product\/57767","targetHints":{"allow":["GET"]}}],"collection":[{"href":"https:\/\/chessgamesemporium.com\/hr\/wp-json\/wp\/v2\/product"}],"about":[{"href":"https:\/\/chessgamesemporium.com\/hr\/wp-json\/wp\/v2\/types\/product"}],"replies":[{"embeddable":true,"href":"https:\/\/chessgamesemporium.com\/hr\/wp-json\/wp\/v2\/comments?post=57767"}],"version-history":[{"count":0,"href":"https:\/\/chessgamesemporium.com\/hr\/wp-json\/wp\/v2\/product\/57767\/revisions"}],"wp:featuredmedia":[{"embeddable":true,"href":"https:\/\/chessgamesemporium.com\/hr\/wp-json\/wp\/v2\/media\/57774"}],"wp:attachment":[{"href":"https:\/\/chessgamesemporium.com\/hr\/wp-json\/wp\/v2\/media?parent=57767"}],"wp:term":[{"taxonomy":"product_brand","embeddable":true,"href":"https:\/\/chessgamesemporium.com\/hr\/wp-json\/wp\/v2\/product_brand?post=57767"},{"taxonomy":"product_cat","embeddable":true,"href":"https:\/\/chessgamesemporium.com\/hr\/wp-json\/wp\/v2\/product_cat?post=57767"},{"taxonomy":"product_tag","embeddable":true,"href":"https:\/\/chessgamesemporium.com\/hr\/wp-json\/wp\/v2\/product_tag?post=57767"}],"curies":[{"name":"wp","href":"https:\/\/api.w.org\/{rel}","templated":true}]}}