{"id":59141,"date":"2025-01-16T08:58:35","date_gmt":"2025-01-16T08:58:35","guid":{"rendered":"https:\/\/chessgamesemporium.com\/?post_type=product&#038;p=59141"},"modified":"2026-04-21T11:08:35","modified_gmt":"2026-04-21T11:08:35","slug":"reimagining-1-e4","status":"publish","type":"product","link":"https:\/\/chessgamesemporium.com\/hr\/shop\/sahovske-knjige\/otvaranja\/reimagining-1-e4\/","title":{"rendered":"REIMAGINING 1.e4"},"content":{"rendered":"<p>Autor: Nikolaos Ntirlis<br \/>\nGodina izdanja: 2024<br \/>\nJezik: Engleski<br \/>\nStranice: 304<br \/>\nFormat: 24 x 17 cm<br \/>\nKorice: meke<\/p>\n<p>Svaki se \u0161ahist suo\u010dava s po\u010detnom dilemom: velike glavne linije komplicirane su i dugotrajne za u\u010denje, dok sporedne linije koje se lako u\u010de obi\u010dno pate od drugih nedostataka. Prona\u0107i najbolje od oba svijeta bio je nemogu\u0107 san \u2013 do sada!<\/p>\n<p>Reimagining 1.e4 nudi sveti gral jednostavnog bijelog repertoara lakog za nau\u010diti, koji je sna\u017ean protiv svih crnih glavnih obrana. U nekim linijama, bijeli izaziva iznena\u0111enje ve\u0107 u potezu 3. U drugim, bijeli slijedi poznate staze malo du\u017ee, ali samo kada postoje velike nagrade koje opravdavaju skroman trud.<\/p>","protected":false},"excerpt":{"rendered":"<p><a href=\"https:\/\/chessgamesemporium.com\/wp-content\/uploads\/2025\/01\/Reimagining-1.e4-Excerpt.pdf\" target=\"_blank\" rel=\"noopener\">pdf uzorak<\/a><\/p>","protected":false},"featured_media":59145,"comment_status":"open","ping_status":"closed","template":"","meta":{"_seopress_robots_primary_cat":"none","_seopress_titles_title":"Reimagining 1.e4 \u2013 \u0161ahovska knjiga otvoritev | ChessGamesEmporium","_seopress_titles_desc":"\u0160ahovska knjiga o otvoritvah z 1.e4 z novimi idejami in modernim repertoarjem. Pomaga razviti dinami\u010den in napadalen slog igre.","_seopress_robots_index":""},"product_brand":[],"product_cat":[605,512],"product_tag":[],"class_list":{"0":"post-59141","1":"product","2":"type-product","3":"status-publish","4":"has-post-thumbnail","6":"product_cat-otvoritve","7":"product_cat-sahovske-knjige","8":"pa_avtor-nikolaos-ntirlis","9":"pa_glavna-linija-1-e4-c5-2-nf3","10":"pa_glavna-linija-1-e4-e5-2-nf3-nc6","11":"pa_glavna-linija-1-e4-e6-2-d4-d5","12":"pa_leto-izdaje-1023","13":"pa_nivo-knjige-napredni","14":"pa_otvoritev-tema-caro-kann","15":"pa_otvoritev-tema-francoska","16":"pa_otvoritev-tema-moderna","17":"pa_otvoritev-tema-odprte-igre","18":"pa_otvoritev-tema-pirc","19":"pa_otvoritev-tema-sicilijanska","20":"pa_stran-beli","21":"pa_tip-knjige-otvoritve","22":"pa_zalozba-quality-chess","24":"entry","25":"has-media","27":"first","28":"instock","29":"taxable","30":"shipping-taxable","31":"purchasable","32":"product-type-simple","33":"has-product-nav","34":"col","35":"span_1_of_4","36":"owp-content-center","37":"item-entry","38":"owp-thumbs-layout-horizontal","39":"owp-btn-normal","40":"owp-tabs-layout-section","41":"has-no-thumbnails"},"wcpa_form_fields":null,"_links":{"self":[{"href":"https:\/\/chessgamesemporium.com\/hr\/wp-json\/wp\/v2\/product\/59141","targetHints":{"allow":["GET"]}}],"collection":[{"href":"https:\/\/chessgamesemporium.com\/hr\/wp-json\/wp\/v2\/product"}],"about":[{"href":"https:\/\/chessgamesemporium.com\/hr\/wp-json\/wp\/v2\/types\/product"}],"replies":[{"embeddable":true,"href":"https:\/\/chessgamesemporium.com\/hr\/wp-json\/wp\/v2\/comments?post=59141"}],"version-history":[{"count":0,"href":"https:\/\/chessgamesemporium.com\/hr\/wp-json\/wp\/v2\/product\/59141\/revisions"}],"wp:featuredmedia":[{"embeddable":true,"href":"https:\/\/chessgamesemporium.com\/hr\/wp-json\/wp\/v2\/media\/59145"}],"wp:attachment":[{"href":"https:\/\/chessgamesemporium.com\/hr\/wp-json\/wp\/v2\/media?parent=59141"}],"wp:term":[{"taxonomy":"product_brand","embeddable":true,"href":"https:\/\/chessgamesemporium.com\/hr\/wp-json\/wp\/v2\/product_brand?post=59141"},{"taxonomy":"product_cat","embeddable":true,"href":"https:\/\/chessgamesemporium.com\/hr\/wp-json\/wp\/v2\/product_cat?post=59141"},{"taxonomy":"product_tag","embeddable":true,"href":"https:\/\/chessgamesemporium.com\/hr\/wp-json\/wp\/v2\/product_tag?post=59141"}],"curies":[{"name":"wp","href":"https:\/\/api.w.org\/{rel}","templated":true}]}}