{"id":59346,"date":"2025-01-31T10:02:18","date_gmt":"2025-01-31T10:02:18","guid":{"rendered":"https:\/\/chessgamesemporium.com\/?post_type=product&#038;p=59346"},"modified":"2025-01-31T10:02:18","modified_gmt":"2025-01-31T10:02:18","slug":"prijenosni-backgammon-set-dublin","status":"publish","type":"product","link":"https:\/\/chessgamesemporium.com\/hr\/shop\/backgammon\/backgammon-backgammon\/prijenosni-backgammon-set-dublin\/","title":{"rendered":"Prijenosni backgammon set Dublin"},"content":{"rendered":"<p>Prijenosni backgammon set Dublin<\/p>\n<p>Dimenzije: 233 x 340 x 28 mm<\/p>\n<div>Zelena imitacija ko\u017ee.<\/p>\n<\/div>\n<div>Sadr\u017eaj:<\/div>\n<div>1 kaseta, 1 kocka za umno\u017eavanje, 2 \u010da\u0161e za kocke, 4 kocke, 15 tamnih \u017eetona, 15 svijetlih \u017eetona, vre\u0107ica za \u017eetone.<\/div>\n<div><\/div>\n<div>UPOZORENJE! Nije prikladno za djecu mla\u0111u od tri godine.<\/div>","protected":false},"excerpt":{"rendered":"<p>Prenosna Backgammon garnitura Dublin Dimenzije: 233 x 340 x 28 mm Zelena imitacija usnja. Vsebina: 1 kaseta, 1 podvojitvena kocka, 2 lon\u010dka za metanje kock, 4 igralne kocke, 15 temnih \u017eetonov, 15 svetlih \u017eetonov, vre\u010dka za \u017eetone. OPOZORILO! Ni primerno za otroke pod tretjim letom starosti.<\/p>","protected":false},"featured_media":59353,"comment_status":"open","ping_status":"closed","template":"","meta":{"_seopress_robots_primary_cat":"","_seopress_titles_title":"","_seopress_titles_desc":"","_seopress_robots_index":""},"product_brand":[],"product_cat":[551,552],"product_tag":[],"class_list":{"0":"post-59346","1":"product","2":"type-product","3":"status-publish","4":"has-post-thumbnail","6":"product_cat-backgammon","7":"product_cat-backgammon-backgammon","9":"entry","10":"has-media","12":"first","13":"instock","14":"taxable","15":"shipping-taxable","16":"purchasable","17":"product-type-simple","18":"has-product-nav","19":"col","20":"span_1_of_4","21":"owp-content-center","22":"item-entry","23":"owp-thumbs-layout-horizontal","24":"owp-btn-normal","25":"owp-tabs-layout-section"},"wcpa_form_fields":null,"_links":{"self":[{"href":"https:\/\/chessgamesemporium.com\/hr\/wp-json\/wp\/v2\/product\/59346","targetHints":{"allow":["GET"]}}],"collection":[{"href":"https:\/\/chessgamesemporium.com\/hr\/wp-json\/wp\/v2\/product"}],"about":[{"href":"https:\/\/chessgamesemporium.com\/hr\/wp-json\/wp\/v2\/types\/product"}],"replies":[{"embeddable":true,"href":"https:\/\/chessgamesemporium.com\/hr\/wp-json\/wp\/v2\/comments?post=59346"}],"version-history":[{"count":0,"href":"https:\/\/chessgamesemporium.com\/hr\/wp-json\/wp\/v2\/product\/59346\/revisions"}],"wp:featuredmedia":[{"embeddable":true,"href":"https:\/\/chessgamesemporium.com\/hr\/wp-json\/wp\/v2\/media\/59353"}],"wp:attachment":[{"href":"https:\/\/chessgamesemporium.com\/hr\/wp-json\/wp\/v2\/media?parent=59346"}],"wp:term":[{"taxonomy":"product_brand","embeddable":true,"href":"https:\/\/chessgamesemporium.com\/hr\/wp-json\/wp\/v2\/product_brand?post=59346"},{"taxonomy":"product_cat","embeddable":true,"href":"https:\/\/chessgamesemporium.com\/hr\/wp-json\/wp\/v2\/product_cat?post=59346"},{"taxonomy":"product_tag","embeddable":true,"href":"https:\/\/chessgamesemporium.com\/hr\/wp-json\/wp\/v2\/product_tag?post=59346"}],"curies":[{"name":"wp","href":"https:\/\/api.w.org\/{rel}","templated":true}]}}