{"id":59845,"date":"2025-03-24T11:47:47","date_gmt":"2025-03-24T11:47:47","guid":{"rendered":"https:\/\/chessgamesemporium.com\/?post_type=product&#038;p=59845"},"modified":"2026-04-15T10:57:05","modified_gmt":"2026-04-15T10:57:05","slug":"1001-chess-exercises-for-beginners","status":"publish","type":"product","link":"https:\/\/chessgamesemporium.com\/hr\/shop\/sahovske-knjige\/strategija-i-taktika\/1001-chess-exercises-for-beginners\/","title":{"rendered":"1001 Chess Exercises for Beginners"},"content":{"rendered":"<p>Autor: Franco Masetti, Roberto Messa<br \/>\nGodina izdanja: 2012<br \/>\nJezik: Engelski<br \/>\nStranice: 144<br \/>\nFormat: 24 x 17 cm<br \/>\nNaslovna strana: Meka<\/p>\n<p>\u0160ah je 99% taktika. Ako je ovo poznato zapa\u017eanje istinito za majstora, jo\u0161 je vi\u0161e istinito za po\u010detnike i povremene igra\u010de! Ako \u017eelite pobijediti u vi\u0161e utakmica, ni\u0161ta ne funkcionira bolje od taktike treniranja.<\/p>\n<p>Postoje dvije vrste knjiga o taktici koje uvode koncepte nakon kojih slijede neki primjeri i radne bilje\u017enice koje sadr\u017ee sadr\u017eaj.<\/p>\n<p>\u0160ahovski majstori i treneri Franco Masetti i Roberto Messa u\u010dinili su oboje: objasnili su osnovne takti\u010dke ideje I pru\u017eili mno\u0161tvo vje\u017ebi za svaku temu. Masetti i Messa napisali su izvrsnu prvu knjigu o taktici. U\u010di vas kako da:<\/p>\n<p>\u2022 identificirati slabe to\u010dke u protivni\u010dkoj poziciji<br \/>\n\u2022 prepoznati kombinacije uzoraka<br \/>\n\u2022 vizualizirati trikove.<\/p>\n<p>1001 Chess Exercises for Beginners mo\u017ee se koristiti i kao ud\u017ebenik jer sadr\u017ei didakti\u010dki najproduktivnije zadatke.<\/p>","protected":false},"excerpt":{"rendered":"<p><a href=\"https:\/\/chessgamesemporium.com\/wp-content\/uploads\/2025\/03\/965.pdf\" target=\"_blank\" rel=\"noopener\">pdf uzorak<\/a><\/p>","protected":false},"featured_media":59849,"comment_status":"open","ping_status":"closed","template":"","meta":{"_seopress_robots_primary_cat":"none","_seopress_titles_title":"","_seopress_titles_desc":"","_seopress_robots_index":""},"product_brand":[],"product_cat":[608,512],"product_tag":[],"class_list":{"0":"post-59845","1":"product","2":"type-product","3":"status-publish","4":"has-post-thumbnail","6":"product_cat-strategija-in-taktika","7":"product_cat-sahovske-knjige","8":"pa_avtor-franco-masetti","9":"pa_avtor-roberto-messa","10":"pa_leto-izdaje-977","11":"pa_nivo-knjige-zacetni","12":"pa_stran-oboje-nevtralno","13":"pa_tip-knjige-taktika","14":"pa_zalozba-new-in-chess","16":"entry","17":"has-media","19":"first","20":"instock","21":"taxable","22":"shipping-taxable","23":"purchasable","24":"product-type-variable","25":"has-product-nav","26":"col","27":"span_1_of_4","28":"owp-content-center","29":"item-entry","30":"owp-thumbs-layout-horizontal","31":"owp-btn-normal","32":"owp-tabs-layout-section","33":"has-no-thumbnails"},"wcpa_form_fields":null,"_links":{"self":[{"href":"https:\/\/chessgamesemporium.com\/hr\/wp-json\/wp\/v2\/product\/59845","targetHints":{"allow":["GET"]}}],"collection":[{"href":"https:\/\/chessgamesemporium.com\/hr\/wp-json\/wp\/v2\/product"}],"about":[{"href":"https:\/\/chessgamesemporium.com\/hr\/wp-json\/wp\/v2\/types\/product"}],"replies":[{"embeddable":true,"href":"https:\/\/chessgamesemporium.com\/hr\/wp-json\/wp\/v2\/comments?post=59845"}],"version-history":[{"count":0,"href":"https:\/\/chessgamesemporium.com\/hr\/wp-json\/wp\/v2\/product\/59845\/revisions"}],"wp:featuredmedia":[{"embeddable":true,"href":"https:\/\/chessgamesemporium.com\/hr\/wp-json\/wp\/v2\/media\/59849"}],"wp:attachment":[{"href":"https:\/\/chessgamesemporium.com\/hr\/wp-json\/wp\/v2\/media?parent=59845"}],"wp:term":[{"taxonomy":"product_brand","embeddable":true,"href":"https:\/\/chessgamesemporium.com\/hr\/wp-json\/wp\/v2\/product_brand?post=59845"},{"taxonomy":"product_cat","embeddable":true,"href":"https:\/\/chessgamesemporium.com\/hr\/wp-json\/wp\/v2\/product_cat?post=59845"},{"taxonomy":"product_tag","embeddable":true,"href":"https:\/\/chessgamesemporium.com\/hr\/wp-json\/wp\/v2\/product_tag?post=59845"}],"curies":[{"name":"wp","href":"https:\/\/api.w.org\/{rel}","templated":true}]}}