{"id":59866,"date":"2025-03-24T12:10:51","date_gmt":"2025-03-24T12:10:51","guid":{"rendered":"https:\/\/chessgamesemporium.com\/?post_type=product&#038;p=59866"},"modified":"2026-03-06T14:04:15","modified_gmt":"2026-03-06T14:04:15","slug":"1001-chess-exercises-for-club-players","status":"publish","type":"product","link":"https:\/\/chessgamesemporium.com\/hr\/shop\/sahovske-knjige\/strategija-i-taktika\/1001-chess-exercises-for-club-players\/","title":{"rendered":"1001 Chess Exercises for Club Players"},"content":{"rendered":"<p>Autor: Frank Erwich<br \/>\nGodina izdanja: 2024<br \/>\nJezik: Engleski<br \/>\nStranice: 272<br \/>\nFormat: 24 x 17 cm<br \/>\nKorice: meke<\/p>\n<p>A\u017eurirano izdanje sa 6 dijagrama po stranici<\/p>\n<p>\u0160ah je 99% taktika. Ovo poznato otkri\u0107e ne vrijedi samo za po\u010detnike, ve\u0107 i za klupske igra\u010de (Elo 1500 \u2013 2000). Ako \u017eelite pobijediti u vi\u0161e igara, ni\u0161ta ne funkcionira bolje od treniranja va\u0161ih kombiniranih vje\u0161tina.<\/p>\n<p>Postoje dvije vrste takti\u010dkih knjiga: one koje uvode koncepte pra\u0107ene s nekoliko primjera i radne bilje\u017enice koje sadr\u017ee mnogo vje\u017ebi. FIDE majstor Frank Erwich u\u010dinio je oboje: on obja\u0161njava sve klju\u010dne takti\u010dke ideje I daje mno\u0161tvo vje\u017ebi za svaku temu.<\/p>\n<p>Erwich je stvorio kompletnu knjigu taktika za ambiciozne klupske i turnirske igra\u010de. Vodi vas na sljede\u0107u razinu identificiranja slabih to\u010daka u protivnikovoj poziciji, prepoznavanja uzoraka kombinacija, vizualizacije trikova i u\u010dinkovitog kalkuliranja. Erwich je tako\u0111er uklju\u010dio novi i va\u017ean element: testove koji \u0107e pobolj\u0161ati va\u0161e obrambene vje\u0161tine.<\/p>\n<p>1001 Chess Exercises for Club Players nije zbirka nasumi\u010dno odabranih vje\u017ebi. Slu\u017ei kao ud\u017ebenik jer su prikazane samo didakti\u010dki najproduktivnije vje\u017ebe. Svako poglavlje po\u010dinje s jednostavnim primjerima, ali ne brinite: razina te\u017eine \u0107e se stalno pove\u0107avati.<\/p>","protected":false},"excerpt":{"rendered":"<p><a href=\"https:\/\/chessgamesemporium.com\/wp-content\/uploads\/2025\/03\/9226.pdf\" target=\"_blank\" rel=\"noopener\">pdf uzorak<\/a><\/p>","protected":false},"featured_media":59850,"comment_status":"open","ping_status":"closed","template":"","meta":{"_seopress_robots_primary_cat":"none","_seopress_titles_title":"","_seopress_titles_desc":"","_seopress_robots_index":""},"product_brand":[],"product_cat":[512,608],"product_tag":[],"class_list":{"0":"post-59866","1":"product","2":"type-product","3":"status-publish","4":"has-post-thumbnail","6":"product_cat-sahovske-knjige","7":"product_cat-strategija-in-taktika","8":"pa_avtor-franco-masetti-roberto-messa","9":"pa_leto-izdaje-977","10":"pa_nivo-knjige-srednji","11":"pa_stran-oboje-nevtralno","12":"pa_tip-knjige-taktika","13":"pa_zalozba-new-in-chess","15":"entry","16":"has-media","18":"first","19":"outofstock","20":"taxable","21":"shipping-taxable","22":"purchasable","23":"product-type-simple","24":"has-product-nav","25":"col","26":"span_1_of_4","27":"owp-content-center","28":"item-entry","29":"owp-thumbs-layout-horizontal","30":"owp-btn-normal","31":"owp-tabs-layout-section","32":"has-no-thumbnails"},"wcpa_form_fields":null,"_links":{"self":[{"href":"https:\/\/chessgamesemporium.com\/hr\/wp-json\/wp\/v2\/product\/59866","targetHints":{"allow":["GET"]}}],"collection":[{"href":"https:\/\/chessgamesemporium.com\/hr\/wp-json\/wp\/v2\/product"}],"about":[{"href":"https:\/\/chessgamesemporium.com\/hr\/wp-json\/wp\/v2\/types\/product"}],"replies":[{"embeddable":true,"href":"https:\/\/chessgamesemporium.com\/hr\/wp-json\/wp\/v2\/comments?post=59866"}],"version-history":[{"count":0,"href":"https:\/\/chessgamesemporium.com\/hr\/wp-json\/wp\/v2\/product\/59866\/revisions"}],"wp:featuredmedia":[{"embeddable":true,"href":"https:\/\/chessgamesemporium.com\/hr\/wp-json\/wp\/v2\/media\/59850"}],"wp:attachment":[{"href":"https:\/\/chessgamesemporium.com\/hr\/wp-json\/wp\/v2\/media?parent=59866"}],"wp:term":[{"taxonomy":"product_brand","embeddable":true,"href":"https:\/\/chessgamesemporium.com\/hr\/wp-json\/wp\/v2\/product_brand?post=59866"},{"taxonomy":"product_cat","embeddable":true,"href":"https:\/\/chessgamesemporium.com\/hr\/wp-json\/wp\/v2\/product_cat?post=59866"},{"taxonomy":"product_tag","embeddable":true,"href":"https:\/\/chessgamesemporium.com\/hr\/wp-json\/wp\/v2\/product_tag?post=59866"}],"curies":[{"name":"wp","href":"https:\/\/api.w.org\/{rel}","templated":true}]}}