{"id":60221,"date":"2025-06-11T05:38:20","date_gmt":"2025-06-11T05:38:20","guid":{"rendered":"https:\/\/chessgamesemporium.com\/?post_type=product&#038;p=60221"},"modified":"2025-10-08T06:02:06","modified_gmt":"2025-10-08T06:02:06","slug":"sahovnica-za-zvijanje-rubber-imitacija-lesa","status":"publish","type":"product","link":"https:\/\/chessgamesemporium.com\/hr\/shop\/sahovske-ploce\/plasticne-sahovske-ploce\/sahovnica-za-zvijanje-rubber-imitacija-lesa\/","title":{"rendered":"\u0160ahovska plo\u010da za zvijanje RUBBER \u2013 IMITACIJA DRVA"},"content":{"rendered":"<p>Unaprije\u0111ene mekane \u0161ahovske plo\u010de, izra\u0111ene od materijala za mi\u0161evi. Manje intenzivan miris u usporedbi s drugim podlogama za mi\u0161eve.<\/p>\n<p>Debeli i meki materijal. Lako se ravna na stolu. Ova izvrsna \u0161ahovska plo\u010da pogodna je i za igru na otvorenom, jer je ne pokre\u0107e vjetar.<\/p>\n<p>Alfanumeri\u010dka notacija sa svih strana plo\u010de. \u0160ahovska plo\u010da dolazi u standardnoj turnirskoj veli\u010dini.<\/p>\n<p>Ostaje ravna i na mjestu, periva, mekani materijal podloge za mi\u0161a.<br \/>\nBoja: Imitacija drva<br \/>\nDimenzije: 20 x 20\" (50 x 50 cm), sa kvadratima plo\u010de od 2-1\/4\" (57 mm).<\/p>","protected":false},"excerpt":{"rendered":"<p>Izbolj\u0161ana mehka \u0161ahovnica, izdelana iz vrhunskega materiala podloge za mi\u0161ke (in nima tako mo\u010dnega vonja, kot ga ima ve\u010dina drugih podlog za mi\u0161ke!) Debel in mehak material. Na mizi se vedno poravna!! Ta odli\u010dna odli\u010dna \u0161ahovnica je primerna tudi za igro na prostem, ker se v primeru vetra preprosto ne premakne. Alfanumeri\u010dna notacija iz vseh [&hellip;]<\/p>","protected":false},"featured_media":60261,"comment_status":"open","ping_status":"closed","template":"","meta":{"_seopress_robots_primary_cat":"none","_seopress_titles_title":"","_seopress_titles_desc":"","_seopress_robots_index":""},"product_brand":[],"product_cat":[514,523],"product_tag":[],"class_list":{"0":"post-60221","1":"product","2":"type-product","3":"status-publish","4":"has-post-thumbnail","6":"product_cat-sahovnice","7":"product_cat-plasticne-sahovnice","9":"entry","10":"has-media","12":"first","13":"instock","14":"taxable","15":"shipping-taxable","16":"purchasable","17":"product-type-variable","18":"has-product-nav","19":"col","20":"span_1_of_4","21":"owp-content-center","22":"item-entry","23":"owp-thumbs-layout-horizontal","24":"owp-btn-normal","25":"owp-tabs-layout-section"},"wcpa_form_fields":null,"_links":{"self":[{"href":"https:\/\/chessgamesemporium.com\/hr\/wp-json\/wp\/v2\/product\/60221","targetHints":{"allow":["GET"]}}],"collection":[{"href":"https:\/\/chessgamesemporium.com\/hr\/wp-json\/wp\/v2\/product"}],"about":[{"href":"https:\/\/chessgamesemporium.com\/hr\/wp-json\/wp\/v2\/types\/product"}],"replies":[{"embeddable":true,"href":"https:\/\/chessgamesemporium.com\/hr\/wp-json\/wp\/v2\/comments?post=60221"}],"version-history":[{"count":0,"href":"https:\/\/chessgamesemporium.com\/hr\/wp-json\/wp\/v2\/product\/60221\/revisions"}],"wp:featuredmedia":[{"embeddable":true,"href":"https:\/\/chessgamesemporium.com\/hr\/wp-json\/wp\/v2\/media\/60261"}],"wp:attachment":[{"href":"https:\/\/chessgamesemporium.com\/hr\/wp-json\/wp\/v2\/media?parent=60221"}],"wp:term":[{"taxonomy":"product_brand","embeddable":true,"href":"https:\/\/chessgamesemporium.com\/hr\/wp-json\/wp\/v2\/product_brand?post=60221"},{"taxonomy":"product_cat","embeddable":true,"href":"https:\/\/chessgamesemporium.com\/hr\/wp-json\/wp\/v2\/product_cat?post=60221"},{"taxonomy":"product_tag","embeddable":true,"href":"https:\/\/chessgamesemporium.com\/hr\/wp-json\/wp\/v2\/product_tag?post=60221"}],"curies":[{"name":"wp","href":"https:\/\/api.w.org\/{rel}","templated":true}]}}