{"id":60262,"date":"2025-06-11T08:19:29","date_gmt":"2025-06-11T08:19:29","guid":{"rendered":"https:\/\/chessgamesemporium.com\/?post_type=product&#038;p=60262"},"modified":"2026-03-12T07:59:04","modified_gmt":"2026-03-12T07:59:04","slug":"converting-an-extra-pawn-in-chess","status":"publish","type":"product","link":"https:\/\/chessgamesemporium.com\/hr\/shop\/sahovske-knjige\/strategija-i-taktika\/converting-an-extra-pawn-in-chess\/","title":{"rendered":"Converting an Extra Pawn in Chess"},"content":{"rendered":"<p>Autor: Sam Shankland<br \/>\nGodina izdanja: 2025<br \/>\nJezik: Engelski<br \/>\nStranice: 272<br \/>\nFormat: 24 x 17 cm<br \/>\nNaslovna strana: Meka<\/p>\n<p>Uzimanje pje\u0161aka \u010desta je pojava u \u0161ahu, ali mnogi igra\u010di nemaju pojma \u0161to u\u010diniti s dodatnim pje\u0161akom, osim op\u0107enite ideje \"zamijeni figure i pobijedi u zavr\u0161nici\". Velemajstor Sam Shankland zna bolje - a nakon \u010ditanja ove knjige, znat \u0107ete i vi. U ovom revolucionarnom djelu, Shankland predstavlja svoj trostupanjski postupak za rje\u0161avanje dodatnih pje\u0161a\u010dkih pozicija, koriste\u0107i pa\u017eljivo odabrane prakti\u010dne primjere kako bi ilustrirao svoje tvrdnje. Uz ovu knjigu i vi mo\u017eete postati majstor u iskori\u0161tavanju naj\u010de\u0161\u0107e materijalne prednosti u \u0161ahu.<\/p>\n<p>Sam Shankland je biv\u0161i ameri\u010dki prvak i osvaja\u010d pojedina\u010dnih i ekipnih zlatnih medalja na \u0161ahovskim olimpijadama. Njegove prethodne dvije knjige za Quality Chess, Small Steps to Giant Improvement i Small Steps 2 Success, dobile su odli\u010dne kritike.<\/p>","protected":false},"excerpt":{"rendered":"<p><a href=\"https:\/\/chessgamesemporium.com\/wp-content\/uploads\/2025\/06\/extra-pawn.pdf\">pdf uzorak<\/a><\/p>","protected":false},"featured_media":60265,"comment_status":"open","ping_status":"closed","template":"","meta":{"_seopress_robots_primary_cat":"none","_seopress_titles_title":"","_seopress_titles_desc":"","_seopress_robots_index":""},"product_brand":[],"product_cat":[512,608],"product_tag":[],"class_list":{"0":"post-60262","1":"product","2":"type-product","3":"status-publish","4":"has-post-thumbnail","6":"product_cat-sahovske-knjige","7":"product_cat-strategija-in-taktika","8":"pa_avtor-sam-shankland","9":"pa_leto-izdaje-1034","10":"pa_nivo-knjige-srednji","11":"pa_stran-oboje-nevtralno","12":"pa_tip-knjige-koncnice","13":"pa_zalozba-quality-chess","15":"entry","16":"has-media","18":"first","19":"instock","20":"taxable","21":"shipping-taxable","22":"purchasable","23":"product-type-simple","24":"has-product-nav","25":"col","26":"span_1_of_4","27":"owp-content-center","28":"item-entry","29":"owp-thumbs-layout-horizontal","30":"owp-btn-normal","31":"owp-tabs-layout-section","32":"has-no-thumbnails"},"wcpa_form_fields":null,"_links":{"self":[{"href":"https:\/\/chessgamesemporium.com\/hr\/wp-json\/wp\/v2\/product\/60262","targetHints":{"allow":["GET"]}}],"collection":[{"href":"https:\/\/chessgamesemporium.com\/hr\/wp-json\/wp\/v2\/product"}],"about":[{"href":"https:\/\/chessgamesemporium.com\/hr\/wp-json\/wp\/v2\/types\/product"}],"replies":[{"embeddable":true,"href":"https:\/\/chessgamesemporium.com\/hr\/wp-json\/wp\/v2\/comments?post=60262"}],"version-history":[{"count":0,"href":"https:\/\/chessgamesemporium.com\/hr\/wp-json\/wp\/v2\/product\/60262\/revisions"}],"wp:featuredmedia":[{"embeddable":true,"href":"https:\/\/chessgamesemporium.com\/hr\/wp-json\/wp\/v2\/media\/60265"}],"wp:attachment":[{"href":"https:\/\/chessgamesemporium.com\/hr\/wp-json\/wp\/v2\/media?parent=60262"}],"wp:term":[{"taxonomy":"product_brand","embeddable":true,"href":"https:\/\/chessgamesemporium.com\/hr\/wp-json\/wp\/v2\/product_brand?post=60262"},{"taxonomy":"product_cat","embeddable":true,"href":"https:\/\/chessgamesemporium.com\/hr\/wp-json\/wp\/v2\/product_cat?post=60262"},{"taxonomy":"product_tag","embeddable":true,"href":"https:\/\/chessgamesemporium.com\/hr\/wp-json\/wp\/v2\/product_tag?post=60262"}],"curies":[{"name":"wp","href":"https:\/\/api.w.org\/{rel}","templated":true}]}}