{"id":61372,"date":"2025-12-29T12:33:12","date_gmt":"2025-12-29T12:33:12","guid":{"rendered":"https:\/\/chessgamesemporium.com\/?post_type=product&#038;p=61372"},"modified":"2026-03-12T08:00:39","modified_gmt":"2026-03-12T08:00:39","slug":"the-real-paul-morphy","status":"publish","type":"product","link":"https:\/\/chessgamesemporium.com\/hr\/shop\/sahovske-knjige\/biografije\/the-real-paul-morphy\/","title":{"rendered":"THE REAL PAUL MORPHY"},"content":{"rendered":"<p data-start=\"27\" data-end=\"496\">Autor: Charles Hertan<br \/>\nGodina izdanja: 2024<br \/>\nJezik: Engelski<br \/>\nStranice: 384<br \/>\nFormat: 24 x 17 cm<br \/>\nNaslovna strana: Meka<\/p>\n<p data-start=\"27\" data-end=\"496\">Paul Morphy bio je mo\u017eda najbriljantniji i najmisteriozniji \u0161ahovski prvak svih vremena. Na \u0161ahovsku scenu pojavio se 1857. kao 20-godi\u0161njak i u roku od dvije godine potpuno je dominirao \u0161ahovskim svijetom, uvjerljivo pobijediv\u0161i sve najja\u010de igra\u010de tog vremena. Nakon \u0161to je osvojio europsku \u0161ahovsku scenu, Morphy je bio \u0161iroko priznat kao najve\u0107i igra\u010d svih vremena. Ali u dobi od samo 22 godine, iznenada se i zauvijek povukao iz ozbiljnog natjecateljskog \u0161aha.<\/p>\n<p data-start=\"498\" data-end=\"906\">Morphyjeva veli\u010dina sjala je tako jarko da su ga 75 godina kasnije svjetski prvaci Lasker i Capablanca i dalje smatrali najve\u0107im. I danas je cijenjen zbog svojih briljantnih kombinacija i drugih doprinosa \u0161ahu. Bobby Fischer ga je nazvao \"mo\u017eda najpreciznijim igra\u010dem koji je ikada \u017eivio\". Garry Kasparov ga je nazvao \"prototipom sna\u017enog velemajstora 20. stolje\u0107a\" i \"prete\u010dom modernog \u0161aha\".<\/p>\n<p data-start=\"908\" data-end=\"1279\">Postoje mnoge va\u017ene biografije i zbirke partija o Morphyju. Nagra\u0111ivani \u0161ahovski autor Charles Hertan donosi ne\u0161to novo - sveobuhvatnu modernu biografiju koja istra\u017euje njegovu fascinantnu povijest, otkriva nove informacije o Morphyjevom podrijetlu i isprepli\u0107e ih s dubinskom analizom njegovih igara, \u010desto prelaze\u0107i preko vi\u0161e od 160 godina analize.<\/p>\n<p data-start=\"1281\" data-end=\"1642\">Oslanjaju\u0107i se na svoje iskustvo profesionalnog psihoterapeuta, Hertan baca novo svjetlo na Morphyjev tragi\u010dni mentalni pad. Tako\u0111er ispituje stanje \u0161aha prije Morphyja i uklju\u010duje se u suvremenu raspravu o ulozi velemajstora Howarda Stauntona i Adolfa Anderssena u povijesti \u0161aha te o tome treba li Morphyjevo doba uop\u0107e nazvati \"romanti\u010dnim dobom\".<\/p>\n<p data-start=\"1644\" data-end=\"1770\"><em data-start=\"1644\" data-end=\"1673\">The Real Paul Morphy<\/em> nudi sve \u0161to trebate znati o \u017eivotu, \u0161ahu i naslje\u0111u Paula Morphyja u jednom tomu.<\/p>\n<p data-start=\"1772\" data-end=\"1961\" data-is-last-node=\"\" data-is-only-node=\"\">Charles Hertan je FIDE majstor iz Massachusettsa s desetlje\u0107ima iskustva kao \u0161ahovski trener. Autor je nagra\u0111ivane knjige <em data-start=\"1894\" data-end=\"1915\">Forcing Chess Moves<\/em> i bestselera <em data-start=\"1938\" data-end=\"1960\">Power Chess for Kids<\/em>.<\/p>","protected":false},"excerpt":{"rendered":"<p><a href=\"https:\/\/chessgamesemporium.com\/wp-content\/uploads\/2025\/12\/9185.pdf\" target=\"_blank\" rel=\"noopener\">pdf uzorak<\/a><\/p>","protected":false},"featured_media":61376,"comment_status":"open","ping_status":"closed","template":"","meta":{"_seopress_robots_primary_cat":"none","_seopress_titles_title":"","_seopress_titles_desc":"","_seopress_robots_index":""},"product_brand":[],"product_cat":[610,512],"product_tag":[],"class_list":{"0":"post-61372","1":"product","2":"type-product","3":"status-publish","4":"has-post-thumbnail","6":"product_cat-biografije","7":"product_cat-sahovske-knjige","8":"pa_avtor-paul-morphy","9":"pa_leto-izdaje-1023","10":"pa_nivo-knjige-srednji","11":"pa_stran-oboje-nevtralno","12":"pa_tip-knjige-biografije-zgodovina","13":"pa_zalozba-new-in-chess","15":"entry","16":"has-media","18":"first","19":"instock","20":"taxable","21":"shipping-taxable","22":"purchasable","23":"product-type-simple","24":"has-product-nav","25":"col","26":"span_1_of_4","27":"owp-content-center","28":"item-entry","29":"owp-thumbs-layout-horizontal","30":"owp-btn-normal","31":"owp-tabs-layout-section","32":"has-no-thumbnails"},"wcpa_form_fields":null,"_links":{"self":[{"href":"https:\/\/chessgamesemporium.com\/hr\/wp-json\/wp\/v2\/product\/61372","targetHints":{"allow":["GET"]}}],"collection":[{"href":"https:\/\/chessgamesemporium.com\/hr\/wp-json\/wp\/v2\/product"}],"about":[{"href":"https:\/\/chessgamesemporium.com\/hr\/wp-json\/wp\/v2\/types\/product"}],"replies":[{"embeddable":true,"href":"https:\/\/chessgamesemporium.com\/hr\/wp-json\/wp\/v2\/comments?post=61372"}],"version-history":[{"count":0,"href":"https:\/\/chessgamesemporium.com\/hr\/wp-json\/wp\/v2\/product\/61372\/revisions"}],"wp:featuredmedia":[{"embeddable":true,"href":"https:\/\/chessgamesemporium.com\/hr\/wp-json\/wp\/v2\/media\/61376"}],"wp:attachment":[{"href":"https:\/\/chessgamesemporium.com\/hr\/wp-json\/wp\/v2\/media?parent=61372"}],"wp:term":[{"taxonomy":"product_brand","embeddable":true,"href":"https:\/\/chessgamesemporium.com\/hr\/wp-json\/wp\/v2\/product_brand?post=61372"},{"taxonomy":"product_cat","embeddable":true,"href":"https:\/\/chessgamesemporium.com\/hr\/wp-json\/wp\/v2\/product_cat?post=61372"},{"taxonomy":"product_tag","embeddable":true,"href":"https:\/\/chessgamesemporium.com\/hr\/wp-json\/wp\/v2\/product_tag?post=61372"}],"curies":[{"name":"wp","href":"https:\/\/api.w.org\/{rel}","templated":true}]}}