{"id":61398,"date":"2026-01-06T10:21:45","date_gmt":"2026-01-06T10:21:45","guid":{"rendered":"https:\/\/chessgamesemporium.com\/?post_type=product&#038;p=61398"},"modified":"2026-03-10T11:38:12","modified_gmt":"2026-03-10T11:38:12","slug":"winning-chess-middlegame","status":"publish","type":"product","link":"https:\/\/chessgamesemporium.com\/hr\/shop\/sahovske-knjige\/strategija-i-taktika\/winning-chess-middlegame\/","title":{"rendered":"Winning Chess Middlegame Volume 1"},"content":{"rendered":"<p>Autor: Ivan Sokolov<br \/>\nGodina izdanja: 2025<br \/>\nJezik: Engelski<br \/>\nStranice: 344<br \/>\nFormat: 24 x 17 cm<br \/>\nNaslovna strana: Meka<\/p>\n<p>Kona\u010dno, ovaj moderni klasik se vra\u0107a u tisak!<\/p>\n<p>Jeste li se ikada pitali za\u0161to velemajstori mogu prepoznati \u0161to se stvarno doga\u0111a u \u0161ahovskoj poziciji u roku od nekoliko sekundi? Klju\u010d su pje\u0161a\u010dke strukture, kako Ivan Sokolov obja\u0161njava u ovoj revolucionarnoj knjizi.<br \/>\nKnjiga Winning Chess Middlegames bavi se \u010desto zanemarenom, ali izuzetno va\u017enom temom pje\u0161a\u010dkih struktura, dijele\u0107i ih u \u010detiri glavne vrste: dvostruke pje\u0161ake, izolirane pje\u0161ake, vise\u0107e pje\u0161ake i ve\u0107inu pje\u0161aka.<\/p>\n<p>S vrlo pristupa\u010dnim verbalnim obja\u0161njenjima i dubinskim analizama igara na najvi\u0161oj razini, knjiga poma\u017ee u rje\u0161avanju temeljnih problema srednje igre: prostora, napetosti i inicijative.<br \/>\nKlupski igra\u010di koji prou\u010davaju Winning Chess Middlegames:<\/p>\n<p>zna\u010dajno \u0107e pobolj\u0161ati svoje razumijevanje srednje igre<br \/>\nrazviti to\u010dan osje\u0107aj za to koje vrste pozicija najbolje odgovaraju njihovom stilu igre<br \/>\nste\u0107i nova strate\u0161ka i prakti\u010dna znanja o otvaranju.<\/p>\n<p>Ivan Sokolov obja\u0161njava gradivo detaljno, iskreno i objektivno te dodaje brojne anegdote iz vrhunskog \u0161aha; ne \u0161tedi ni svoje kolege velemajstore ni sebe u svojim komentarima.<\/p>","protected":false},"excerpt":{"rendered":"<p><a href=\"https:\/\/chessgamesemporium.com\/wp-content\/uploads\/2026\/01\/9283.pdf\" target=\"_blank\" rel=\"noopener\">pdf uzorak<\/a><\/p>","protected":false},"featured_media":61401,"comment_status":"open","ping_status":"closed","template":"","meta":{"_seopress_robots_primary_cat":"none","_seopress_titles_title":"","_seopress_titles_desc":"","_seopress_robots_index":""},"product_brand":[],"product_cat":[608,512],"product_tag":[],"class_list":{"0":"post-61398","1":"product","2":"type-product","3":"status-publish","4":"has-post-thumbnail","6":"product_cat-strategija-in-taktika","7":"product_cat-sahovske-knjige","8":"pa_avtor-ivan-sokolov","9":"pa_leto-izdaje-1034","10":"pa_nivo-knjige-srednji","11":"pa_stran-oboje-nevtralno","12":"pa_tip-knjige-srednja-igra-strategija","13":"pa_zalozba-new-in-chess","15":"entry","16":"has-media","18":"first","19":"instock","20":"taxable","21":"shipping-taxable","22":"purchasable","23":"product-type-simple","24":"has-product-nav","25":"col","26":"span_1_of_4","27":"owp-content-center","28":"item-entry","29":"owp-thumbs-layout-horizontal","30":"owp-btn-normal","31":"owp-tabs-layout-section","32":"has-no-thumbnails"},"wcpa_form_fields":null,"_links":{"self":[{"href":"https:\/\/chessgamesemporium.com\/hr\/wp-json\/wp\/v2\/product\/61398","targetHints":{"allow":["GET"]}}],"collection":[{"href":"https:\/\/chessgamesemporium.com\/hr\/wp-json\/wp\/v2\/product"}],"about":[{"href":"https:\/\/chessgamesemporium.com\/hr\/wp-json\/wp\/v2\/types\/product"}],"replies":[{"embeddable":true,"href":"https:\/\/chessgamesemporium.com\/hr\/wp-json\/wp\/v2\/comments?post=61398"}],"version-history":[{"count":0,"href":"https:\/\/chessgamesemporium.com\/hr\/wp-json\/wp\/v2\/product\/61398\/revisions"}],"wp:featuredmedia":[{"embeddable":true,"href":"https:\/\/chessgamesemporium.com\/hr\/wp-json\/wp\/v2\/media\/61401"}],"wp:attachment":[{"href":"https:\/\/chessgamesemporium.com\/hr\/wp-json\/wp\/v2\/media?parent=61398"}],"wp:term":[{"taxonomy":"product_brand","embeddable":true,"href":"https:\/\/chessgamesemporium.com\/hr\/wp-json\/wp\/v2\/product_brand?post=61398"},{"taxonomy":"product_cat","embeddable":true,"href":"https:\/\/chessgamesemporium.com\/hr\/wp-json\/wp\/v2\/product_cat?post=61398"},{"taxonomy":"product_tag","embeddable":true,"href":"https:\/\/chessgamesemporium.com\/hr\/wp-json\/wp\/v2\/product_tag?post=61398"}],"curies":[{"name":"wp","href":"https:\/\/api.w.org\/{rel}","templated":true}]}}