{"id":61411,"date":"2026-01-06T11:28:32","date_gmt":"2026-01-06T11:28:32","guid":{"rendered":"https:\/\/chessgamesemporium.com\/?post_type=product&#038;p=61411"},"modified":"2026-03-09T10:57:01","modified_gmt":"2026-03-09T10:57:01","slug":"beyond-material","status":"publish","type":"product","link":"https:\/\/chessgamesemporium.com\/hr\/shop\/sahovske-knjige\/strategija-i-taktika\/beyond-material\/","title":{"rendered":"Beyond material"},"content":{"rendered":"<p>Autor: Davorin Kuljasevic<br \/>\nGodina izdanja: 2019<br \/>\nJezik: Engelski<br \/>\nStranice: 336<br \/>\nFormat: 24 x 17 cm<br \/>\nNaslovna strana: Meka<\/p>\n<p>Za pobjedu u \u0161ahovskoj partiji vrlo je \u010desto potrebno \u017ertvovati materijalno. Skupiti hrabrost donijeti takvu odluku uz pravilnu procjenu potencijalnih koristi pravi je izazov. Klju\u010dno pitanje je uvijek isto:<br \/>\nKakvu naknadu imam?<\/p>\n<p>Generacije \u0161ahista odrasle su misle\u0107i da je \u017ertva ispravna samo ako se materijalno brzo vrati \u2013 i to s kamatama. Gotovo refleksno, provodili su puno vremena broje\u0107i i kvantificiraju\u0107i stati\u010dku vrijednost figura. Ali je li to zaista najbolji na\u010din za procjenu ispravnosti \u017ertve?<\/p>\n<p>U ovoj knjizi velemajstor Davorin Kulja\u0161evi\u0107 u\u010di kako gledati dalje od materijalne ravnote\u017ee prilikom procjene pozicija. Brojnim pou\u010dnim primjerima pokazuje kako se stvarna vrijednost figura stalno mijenja tijekom igre, ovisno o nizu nematerijalnih \u010dimbenika. Neki su povezani s prostorom, poput pokretljivosti, sklada figura, baza, struktura, otvorenih linija i dijagonala. Drugi su povezani s vremenom i razvojem igre: tempo, inicijativa, prijetnja, napad.<\/p>\n<p>Suvremeni \u0161ahisti moraju biti u stanju potisnuti potrebu za trenutnim zadovoljstvom. Da bi se stekla prednost, \u010desto se mora \u017eivjeti s neizvjesnom naknadom. S mnogim fascinantnim primjerima, Kulja\u0161evi\u0107 podu\u010dava klju\u010dnu vje\u0161tinu kalkuliranog rizika. Nakon prou\u010davanja knjige \"Beyond Material\", pobje\u0111ivanje u igrama s materijalnim \u017ertvama do\u0107i \u0107e vam prirodno.<\/p>\n<p>Davorin Kulja\u0161evi\u0107 je velemajstor ro\u0111en u Hrvatskoj. Diplomirao je na Sveu\u010dili\u0161tu Texas Tech i igrao u USCL-u za Dallas Destiny 2007. i 2008. godine, osvojiv\u0161i prvenstvo SAD-a u obje sezone. Iskusan je trener i pobjednik brojnih turnira.<\/p>","protected":false},"excerpt":{"rendered":"<p><a href=\"https:\/\/chessgamesemporium.com\/wp-content\/uploads\/2026\/01\/9088.pdf\" target=\"_blank\" rel=\"noopener\">pdf uzorak<\/a><\/p>","protected":false},"featured_media":61415,"comment_status":"open","ping_status":"closed","template":"","meta":{"_seopress_robots_primary_cat":"none","_seopress_titles_title":"","_seopress_titles_desc":"","_seopress_robots_index":""},"product_brand":[],"product_cat":[608,512],"product_tag":[],"class_list":{"0":"post-61411","1":"product","2":"type-product","3":"status-publish","4":"has-post-thumbnail","6":"product_cat-strategija-in-taktika","7":"product_cat-sahovske-knjige","8":"pa_avtor-davorin-kuljasevic","9":"pa_leto-izdaje-820","10":"pa_nivo-knjige-srednji","11":"pa_stran-oboje-nevtralno","12":"pa_tip-knjige-srednja-igra-strategija","13":"pa_zalozba-new-in-chess","15":"entry","16":"has-media","18":"first","19":"instock","20":"taxable","21":"shipping-taxable","22":"purchasable","23":"product-type-simple","24":"has-product-nav","25":"col","26":"span_1_of_4","27":"owp-content-center","28":"item-entry","29":"owp-thumbs-layout-horizontal","30":"owp-btn-normal","31":"owp-tabs-layout-section","32":"has-no-thumbnails"},"wcpa_form_fields":null,"_links":{"self":[{"href":"https:\/\/chessgamesemporium.com\/hr\/wp-json\/wp\/v2\/product\/61411","targetHints":{"allow":["GET"]}}],"collection":[{"href":"https:\/\/chessgamesemporium.com\/hr\/wp-json\/wp\/v2\/product"}],"about":[{"href":"https:\/\/chessgamesemporium.com\/hr\/wp-json\/wp\/v2\/types\/product"}],"replies":[{"embeddable":true,"href":"https:\/\/chessgamesemporium.com\/hr\/wp-json\/wp\/v2\/comments?post=61411"}],"version-history":[{"count":0,"href":"https:\/\/chessgamesemporium.com\/hr\/wp-json\/wp\/v2\/product\/61411\/revisions"}],"wp:featuredmedia":[{"embeddable":true,"href":"https:\/\/chessgamesemporium.com\/hr\/wp-json\/wp\/v2\/media\/61415"}],"wp:attachment":[{"href":"https:\/\/chessgamesemporium.com\/hr\/wp-json\/wp\/v2\/media?parent=61411"}],"wp:term":[{"taxonomy":"product_brand","embeddable":true,"href":"https:\/\/chessgamesemporium.com\/hr\/wp-json\/wp\/v2\/product_brand?post=61411"},{"taxonomy":"product_cat","embeddable":true,"href":"https:\/\/chessgamesemporium.com\/hr\/wp-json\/wp\/v2\/product_cat?post=61411"},{"taxonomy":"product_tag","embeddable":true,"href":"https:\/\/chessgamesemporium.com\/hr\/wp-json\/wp\/v2\/product_tag?post=61411"}],"curies":[{"name":"wp","href":"https:\/\/api.w.org\/{rel}","templated":true}]}}