{"id":61438,"date":"2026-01-07T07:57:53","date_gmt":"2026-01-07T07:57:53","guid":{"rendered":"https:\/\/chessgamesemporium.com\/?post_type=product&#038;p=61438"},"modified":"2026-03-09T11:20:58","modified_gmt":"2026-03-09T11:20:58","slug":"the-how-to-study-chess-on-your-own-workbook-3","status":"publish","type":"product","link":"https:\/\/chessgamesemporium.com\/hr\/shop\/sahovske-knjige\/strategija-i-taktika\/the-how-to-study-chess-on-your-own-workbook-3\/","title":{"rendered":"The how to study chess on your own workbook 3"},"content":{"rendered":"<p>Volume 3<br \/>\nExercises and Training for Ambitious Chess Players (2100+ ELO)<\/p>\n<p>Autor: Davorin Kuljasevic<br \/>\nGodina izdanja: 2025<br \/>\nJezik: Engelski<br \/>\nStranice: 232<br \/>\nFormat: 24 x 17 cm<br \/>\nNaslovna strana: Meka<\/p>\n<p data-start=\"41\" data-end=\"227\">Ogroman uspjeh knjige \"How To Study Chess on Your Own\" jasno je pokazao da postoje tisu\u0107e \u0161ahista koji \u017eele pobolj\u0161ati svoju igru. \u0160ahisti vole barem dio treninga obaviti samostalno.<\/p>\n<p data-start=\"229\" data-end=\"488\">Bestseler velemajstora Kulja\u0161evi\u0107a ponudio je strukturirani pristup i planove treninga. Zbog velike potra\u017enje, Kulja\u0161evi\u0107 je stvorio niz prate\u0107ih radnih bilje\u017enica koje nude vje\u017ebe i alate koje \u0161ahisti mogu koristiti za trenutni po\u010detak treninga.<\/p>\n<p data-start=\"490\" data-end=\"699\">Ve\u0107ina radnih bilje\u017enica nudi samo \u0161ahovske vje\u017ebe. Me\u0111utim, Kulja\u0161evi\u0107 je, oslanjaju\u0107i se na svoje trenersko iskustvo, osmislio \u0161iri i raznolikiji program treninga. Zadaci poput sljede\u0107ih doista \u0107e vas izazvati:<\/p>\n<ul data-start=\"701\" data-end=\"1042\">\n<li data-start=\"701\" data-end=\"747\">\n<p data-start=\"703\" data-end=\"747\">rje\u0161avanje izazovnih zadataka vizualizacije<\/p>\n<\/li>\n<li data-start=\"748\" data-end=\"803\">\n<p data-start=\"750\" data-end=\"803\">pronala\u017eenje \u201eskrivene taktike\u201c i stvaranje mini-plana<\/p>\n<\/li>\n<li data-start=\"804\" data-end=\"929\">\n<p data-start=\"806\" data-end=\"929\">igranje te\u0161ke takti\u010dke pozicije \u2013 protiv prijatelja ili ra\u010dunalnog programa, pa\u017eljivo postavljanje odgovaraju\u0107e razine<\/p>\n<\/li>\n<li data-start=\"930\" data-end=\"998\">\n<p data-start=\"932\" data-end=\"998\">simulacija \u2013 prou\u010davanje i ponovna analiza strate\u0161ke uzorkovne igre<\/p>\n<\/li>\n<li data-start=\"999\" data-end=\"1042\">\n<p data-start=\"1001\" data-end=\"1042\">analiza \u2013 razumijevanje tematske zavr\u0161nice<\/p>\n<\/li>\n<\/ul>\n<p data-start=\"1044\" data-end=\"1293\">Drugi svezak prilago\u0111en je \u0161ahistima s Elo rejtingom izme\u0111u 1500 i 1800, ali je koristan za sve u rasponu od 1200 do 2000. Prvi svezak namijenjen je igra\u010dima s rejtingom od 1800 do 2100, dok \u0107e tre\u0107i svezak zadovoljiti potrebe naprednijih klupskih igra\u010da.<\/p>\n<p data-start=\"1295\" data-end=\"1632\">Davorin Kulja\u0161evi\u0107 je velemajstor ro\u0111en u Hrvatskoj. Diplomirao je na Sveu\u010dili\u0161tu Texas Tech i iskusan je \u0161ahovski trener. Njegova bestseler knjiga \"Beyond Material: Ignore the Face Value of Your Pieces\" bila je finalist za nagradu Boleslavsky-Averbakh, nagradu FIDE (Me\u0111unarodne \u0161ahovske federacije) za najbolju \u0161ahovsku knjigu.<\/p>","protected":false},"excerpt":{"rendered":"<p><a href=\"https:\/\/chessgamesemporium.com\/wp-content\/uploads\/2026\/01\/9219.pdf\" target=\"_blank\" rel=\"noopener\">pdf uzorak<\/a><\/p>","protected":false},"featured_media":61442,"comment_status":"open","ping_status":"closed","template":"","meta":{"_seopress_robots_primary_cat":"none","_seopress_titles_title":"","_seopress_titles_desc":"","_seopress_robots_index":""},"product_brand":[],"product_cat":[608,512],"product_tag":[],"class_list":{"0":"post-61438","1":"product","2":"type-product","3":"status-publish","4":"has-post-thumbnail","6":"product_cat-strategija-in-taktika","7":"product_cat-sahovske-knjige","8":"pa_avtor-davorin-kuljasevic","9":"pa_leto-izdaje-1034","10":"pa_nivo-knjige-srednji","11":"pa_stran-oboje-nevtralno","12":"pa_tip-knjige-trening-vaje","13":"pa_zalozba-new-in-chess","15":"entry","16":"has-media","18":"first","19":"instock","20":"taxable","21":"shipping-taxable","22":"purchasable","23":"product-type-simple","24":"has-product-nav","25":"col","26":"span_1_of_4","27":"owp-content-center","28":"item-entry","29":"owp-thumbs-layout-horizontal","30":"owp-btn-normal","31":"owp-tabs-layout-section","32":"has-no-thumbnails"},"wcpa_form_fields":null,"_links":{"self":[{"href":"https:\/\/chessgamesemporium.com\/hr\/wp-json\/wp\/v2\/product\/61438","targetHints":{"allow":["GET"]}}],"collection":[{"href":"https:\/\/chessgamesemporium.com\/hr\/wp-json\/wp\/v2\/product"}],"about":[{"href":"https:\/\/chessgamesemporium.com\/hr\/wp-json\/wp\/v2\/types\/product"}],"replies":[{"embeddable":true,"href":"https:\/\/chessgamesemporium.com\/hr\/wp-json\/wp\/v2\/comments?post=61438"}],"version-history":[{"count":0,"href":"https:\/\/chessgamesemporium.com\/hr\/wp-json\/wp\/v2\/product\/61438\/revisions"}],"wp:featuredmedia":[{"embeddable":true,"href":"https:\/\/chessgamesemporium.com\/hr\/wp-json\/wp\/v2\/media\/61442"}],"wp:attachment":[{"href":"https:\/\/chessgamesemporium.com\/hr\/wp-json\/wp\/v2\/media?parent=61438"}],"wp:term":[{"taxonomy":"product_brand","embeddable":true,"href":"https:\/\/chessgamesemporium.com\/hr\/wp-json\/wp\/v2\/product_brand?post=61438"},{"taxonomy":"product_cat","embeddable":true,"href":"https:\/\/chessgamesemporium.com\/hr\/wp-json\/wp\/v2\/product_cat?post=61438"},{"taxonomy":"product_tag","embeddable":true,"href":"https:\/\/chessgamesemporium.com\/hr\/wp-json\/wp\/v2\/product_tag?post=61438"}],"curies":[{"name":"wp","href":"https:\/\/api.w.org\/{rel}","templated":true}]}}