{"id":61525,"date":"2026-01-12T11:32:12","date_gmt":"2026-01-12T11:32:12","guid":{"rendered":"https:\/\/chessgamesemporium.com\/?post_type=product&#038;p=61525"},"modified":"2026-01-12T11:32:24","modified_gmt":"2026-01-12T11:32:24","slug":"plasticne-sahovske-figure-nexus","status":"publish","type":"product","link":"https:\/\/chessgamesemporium.com\/hr\/shop\/sahovske-figure\/plasticne-figure\/plasticne-sahovske-figure-nexus\/","title":{"rendered":"Plasti\u010dne \u0161ahovske figure Nexus"},"content":{"rendered":"<p>Materijal: Plastika<br \/>\nBoja: Crna i bijela<\/p>\n<p>Plasti\u010dne figure tipa Staunton<\/p>\n<p>Dimenzije: (visina figure | promjer baze)<br \/>\nKralj: 8,5 cm | 3,8 cm<br \/>\nDama: 7,4 cm | 3,5 cm<br \/>\nTop: 5,2 cm | 3,2 cm<br \/>\nLovac: 6,7 cm | 3,1 cm<br \/>\nSkaka\u010d: 5,8 cm | 3,2 cm<br \/>\nPje\u0161ak: 4,6 cm | 2,5 cm<\/p>\n<p>Plasti\u010dni \u0161ahovski set NEXUS pouzdan je i pristupa\u010dan izbor za \u0161ahovske klubove i pojedina\u010dne po\u010detnike.<br \/>\nBudu\u0107i da ove figure imaju prili\u010dno \u0161iroku bazu, najpreporu\u010dljivija je \u0161ahovska plo\u010da s poljem od najmanje 50 mm.<\/p>\n<p>UPOZORENJE! Nije prikladno za djecu mla\u0111u od tri godine.<\/p>","protected":false},"excerpt":{"rendered":"<p>Material: Plastika Barva: Bela in \u010drna Plasti\u010dne figure tipa Staunton Dimenzije: (vi\u0161ina figure | premer podlage) Kralj: 8,5 cm | 3,8 cm Dama: 7,4 cm | 3,5 cm Top: 5,2 cm | 3,2 cm Lovec: 6,7 cm | 3,1 cm Skaka\u010d: 5,8 cm | 3,2 cm Kmet: 4,6 cm | 2,5 cm Komplet plasti\u010dnih \u0161ahovskih [&hellip;]<\/p>","protected":false},"featured_media":61532,"comment_status":"open","ping_status":"closed","template":"","meta":{"_seopress_robots_primary_cat":"none","_seopress_titles_title":"","_seopress_titles_desc":"","_seopress_robots_index":""},"product_brand":[],"product_cat":[521,511],"product_tag":[478],"class_list":{"0":"post-61525","1":"product","2":"type-product","3":"status-publish","4":"has-post-thumbnail","6":"product_cat-plasticne-figure","7":"product_cat-sahovske-figure","8":"product_tag-izpostavljeni-izdelki","9":"wcpa_has_options","11":"entry","12":"has-media","14":"first","15":"instock","16":"taxable","17":"shipping-taxable","18":"purchasable","19":"product-type-simple","20":"has-product-nav","21":"col","22":"span_1_of_4","23":"owp-content-center","24":"item-entry","25":"owp-thumbs-layout-horizontal","26":"owp-btn-normal","27":"owp-tabs-layout-section","28":"has-no-thumbnails"},"wcpa_form_fields":{"rules":{"pric_overide_base_price":false,"pric_overide_base_price_if_gt_zero":false,"pric_overide_base_price_fully":false,"pric_cal_option_once":false,"pric_use_as_fee":false,"bind_quantity":false,"quantity_bind_formula":false},"fields":[{"type":"checkbox-group","elementId":"wcpa-checkbox-group-1707738535577","label":"Dodatek","enablePrice":true,"priceOptions":"fixed_for_all","pricingType":"fixed","price":"5","name":"checkbox-group-1707738535577","other_text":"Other","cl_rule":"show","col":6,"values":[{"label":"Dodatni kraljici (bela in \u010drna)","value":"5.00 Eur","price":"","pimage":"","pimage_id":"","pthumb":""}],"relations":false,"form_id":55845,"form_rules":{"pric_cal_option_once":false,"exclude_from_discount":false,"pric_use_as_fee":false,"fee_label":"Fee","render_after_acb":false,"disp_hide_options_price":false}}]},"_links":{"self":[{"href":"https:\/\/chessgamesemporium.com\/hr\/wp-json\/wp\/v2\/product\/61525","targetHints":{"allow":["GET"]}}],"collection":[{"href":"https:\/\/chessgamesemporium.com\/hr\/wp-json\/wp\/v2\/product"}],"about":[{"href":"https:\/\/chessgamesemporium.com\/hr\/wp-json\/wp\/v2\/types\/product"}],"replies":[{"embeddable":true,"href":"https:\/\/chessgamesemporium.com\/hr\/wp-json\/wp\/v2\/comments?post=61525"}],"version-history":[{"count":0,"href":"https:\/\/chessgamesemporium.com\/hr\/wp-json\/wp\/v2\/product\/61525\/revisions"}],"wp:featuredmedia":[{"embeddable":true,"href":"https:\/\/chessgamesemporium.com\/hr\/wp-json\/wp\/v2\/media\/61532"}],"wp:attachment":[{"href":"https:\/\/chessgamesemporium.com\/hr\/wp-json\/wp\/v2\/media?parent=61525"}],"wp:term":[{"taxonomy":"product_brand","embeddable":true,"href":"https:\/\/chessgamesemporium.com\/hr\/wp-json\/wp\/v2\/product_brand?post=61525"},{"taxonomy":"product_cat","embeddable":true,"href":"https:\/\/chessgamesemporium.com\/hr\/wp-json\/wp\/v2\/product_cat?post=61525"},{"taxonomy":"product_tag","embeddable":true,"href":"https:\/\/chessgamesemporium.com\/hr\/wp-json\/wp\/v2\/product_tag?post=61525"}],"curies":[{"name":"wp","href":"https:\/\/api.w.org\/{rel}","templated":true}]}}