{"id":62871,"date":"2026-03-26T08:23:17","date_gmt":"2026-03-26T08:23:17","guid":{"rendered":"https:\/\/chessgamesemporium.com\/shop\/nekategorizirano\/skatla-za-sahovske-figure-vzorec-rombov-237-x-150-x-90-mm\/"},"modified":"2026-03-27T10:55:44","modified_gmt":"2026-03-27T10:55:44","slug":"skatla-za-sahovske-figure-vzorec-rombov-237-x-150-x-90-mm","status":"publish","type":"product","link":"https:\/\/chessgamesemporium.com\/hr\/shop\/dodaci-za-sah\/sahovske-kutije-torbe\/skatla-za-sahovske-figure-vzorec-rombov-237-x-150-x-90-mm\/","title":{"rendered":"Kutija za \u0161ahovske figure ROMB"},"content":{"rendered":"<p>Materijal: MDF, furnir hrasta i oraha<br \/>\nUnutra\u0161njost je oblo\u017eena filcom.<br \/>\nZatvaranje na magnet<br \/>\nDimenzije: 237 x 150 x 90 mm<\/p>\n<p>Kutija je prikladna za \u0161ahovske figure standardne veli\u010dine ili manje (visina kralja 95 mm ili manje). Prikladna je za set od 32 figure standardne veli\u010dine.<br \/>\nFigure niso uklju\u010dene<\/p>\n<p>Ova kvalitetna kutija za \u0161ahovske figure omogu\u0107uje sigurno pohranjivanje ve\u0107ine \u0161ahovskih setova standardne veli\u010dine s visinom kralja do 95 mm. U slu\u010daju kupnje \u0161ahovskog seta s dodatnim damama, preporu\u010dujemo kupnju ve\u0107e kutije, ozna\u010dene s \"LARGE\", kako biste osigurali da sve figure stanu unutra.<\/p>","protected":false},"excerpt":{"rendered":"<p>Kvalitetna drvena kutija za pohranu koja odgovara ve\u0107ini \u0161ahovskih figura s visinom kralja do 95 mm.<\/p>","protected":false},"featured_media":63007,"comment_status":"open","ping_status":"closed","template":"","meta":{"_seopress_robots_primary_cat":"none","_seopress_titles_title":"","_seopress_titles_desc":"","_seopress_robots_index":""},"product_brand":[],"product_cat":[547,578,194],"product_tag":[],"class_list":{"0":"post-62871","1":"product","2":"type-product","3":"status-publish","4":"has-post-thumbnail","6":"product_cat-razno-za-sah","7":"product_cat-sahovske-skatle-torbe","8":"product_cat-vsi-izdelki","10":"entry","11":"has-media","13":"first","14":"instock","15":"taxable","16":"shipping-taxable","17":"purchasable","18":"product-type-simple","19":"has-product-nav","20":"col","21":"span_1_of_4","22":"owp-content-center","23":"item-entry","24":"owp-thumbs-layout-horizontal","25":"owp-btn-normal","26":"owp-tabs-layout-section"},"wcpa_form_fields":null,"_links":{"self":[{"href":"https:\/\/chessgamesemporium.com\/hr\/wp-json\/wp\/v2\/product\/62871","targetHints":{"allow":["GET"]}}],"collection":[{"href":"https:\/\/chessgamesemporium.com\/hr\/wp-json\/wp\/v2\/product"}],"about":[{"href":"https:\/\/chessgamesemporium.com\/hr\/wp-json\/wp\/v2\/types\/product"}],"replies":[{"embeddable":true,"href":"https:\/\/chessgamesemporium.com\/hr\/wp-json\/wp\/v2\/comments?post=62871"}],"version-history":[{"count":0,"href":"https:\/\/chessgamesemporium.com\/hr\/wp-json\/wp\/v2\/product\/62871\/revisions"}],"wp:featuredmedia":[{"embeddable":true,"href":"https:\/\/chessgamesemporium.com\/hr\/wp-json\/wp\/v2\/media\/63007"}],"wp:attachment":[{"href":"https:\/\/chessgamesemporium.com\/hr\/wp-json\/wp\/v2\/media?parent=62871"}],"wp:term":[{"taxonomy":"product_brand","embeddable":true,"href":"https:\/\/chessgamesemporium.com\/hr\/wp-json\/wp\/v2\/product_brand?post=62871"},{"taxonomy":"product_cat","embeddable":true,"href":"https:\/\/chessgamesemporium.com\/hr\/wp-json\/wp\/v2\/product_cat?post=62871"},{"taxonomy":"product_tag","embeddable":true,"href":"https:\/\/chessgamesemporium.com\/hr\/wp-json\/wp\/v2\/product_tag?post=62871"}],"curies":[{"name":"wp","href":"https:\/\/api.w.org\/{rel}","templated":true}]}}