{"id":62874,"date":"2026-03-26T08:23:19","date_gmt":"2026-03-26T08:23:19","guid":{"rendered":"https:\/\/chessgamesemporium.com\/shop\/nekategorizirano\/kartni-cevelj-delilec-kart\/"},"modified":"2026-03-27T11:12:14","modified_gmt":"2026-03-27T11:12:14","slug":"kartni-cevelj-delilec-kart","status":"publish","type":"product","link":"https:\/\/chessgamesemporium.com\/hr\/shop\/svi-proizvodi\/kartni-cevelj-delilec-kart\/","title":{"rendered":"Djelitelj karata"},"content":{"rendered":"<p>Dimenzije: 255 x 100 x 100 mm<br \/>\nMaterijal: Plastika<\/p>\n<p>Utor za karte, tako\u0111er nazvan kliza\u010d karata, idealan je dodatak za profesionalne karta\u0161ke igre poput blackjacka. Omogu\u0107uje uredno pohranjivanje karata i kontroliranu, ravnomjernu raspodjelu. Umetne se presavijeni \u0161pil karata, a zatim se karte prakti\u010dno vade pojedina\u010dno s dna. Ima mjesta za 6 standardnih \u0161pilova karata. Igra\u0107e karte nisu uklju\u010dene.<\/p>","protected":false},"excerpt":{"rendered":"<p>Prakti\u010dni dodatak za uredno pohranjivanje i ravnomjernu raspodjelu igra\u0107ih karata u igrama poput blackjacka.<\/p>","protected":false},"featured_media":63012,"comment_status":"open","ping_status":"closed","template":"","meta":{"_seopress_robots_primary_cat":"none","_seopress_titles_title":"","_seopress_titles_desc":"","_seopress_robots_index":""},"product_brand":[],"product_cat":[677,194],"product_tag":[],"class_list":{"0":"post-62874","1":"product","2":"type-product","3":"status-publish","4":"has-post-thumbnail","6":"product_cat-druzabne-igre","7":"product_cat-vsi-izdelki","9":"entry","10":"has-media","12":"first","13":"instock","14":"taxable","15":"shipping-taxable","16":"purchasable","17":"product-type-simple","18":"has-product-nav","19":"col","20":"span_1_of_4","21":"owp-content-center","22":"item-entry","23":"owp-thumbs-layout-horizontal","24":"owp-btn-normal","25":"owp-tabs-layout-section"},"wcpa_form_fields":null,"_links":{"self":[{"href":"https:\/\/chessgamesemporium.com\/hr\/wp-json\/wp\/v2\/product\/62874","targetHints":{"allow":["GET"]}}],"collection":[{"href":"https:\/\/chessgamesemporium.com\/hr\/wp-json\/wp\/v2\/product"}],"about":[{"href":"https:\/\/chessgamesemporium.com\/hr\/wp-json\/wp\/v2\/types\/product"}],"replies":[{"embeddable":true,"href":"https:\/\/chessgamesemporium.com\/hr\/wp-json\/wp\/v2\/comments?post=62874"}],"version-history":[{"count":0,"href":"https:\/\/chessgamesemporium.com\/hr\/wp-json\/wp\/v2\/product\/62874\/revisions"}],"wp:featuredmedia":[{"embeddable":true,"href":"https:\/\/chessgamesemporium.com\/hr\/wp-json\/wp\/v2\/media\/63012"}],"wp:attachment":[{"href":"https:\/\/chessgamesemporium.com\/hr\/wp-json\/wp\/v2\/media?parent=62874"}],"wp:term":[{"taxonomy":"product_brand","embeddable":true,"href":"https:\/\/chessgamesemporium.com\/hr\/wp-json\/wp\/v2\/product_brand?post=62874"},{"taxonomy":"product_cat","embeddable":true,"href":"https:\/\/chessgamesemporium.com\/hr\/wp-json\/wp\/v2\/product_cat?post=62874"},{"taxonomy":"product_tag","embeddable":true,"href":"https:\/\/chessgamesemporium.com\/hr\/wp-json\/wp\/v2\/product_tag?post=62874"}],"curies":[{"name":"wp","href":"https:\/\/api.w.org\/{rel}","templated":true}]}}